{"id":1398,"date":"2020-11-30T16:32:03","date_gmt":"2020-11-30T16:32:03","guid":{"rendered":"https:\/\/trufalia.es\/privacy-policy-2-copy\/"},"modified":"2020-12-07T17:31:07","modified_gmt":"2020-12-07T17:31:07","slug":"politique-de-condifentialite","status":"publish","type":"page","link":"https:\/\/trufalia.es\/fr\/politique-de-condifentialite\/","title":{"rendered":"POLITIQUE DE CONDIFENTIALIT\u00c9"},"content":{"rendered":"\t\t<div data-elementor-type=\"wp-page\" data-elementor-id=\"1398\" class=\"elementor elementor-1398\" data-elementor-settings=\"{&quot;premium_particles_zindex&quot;:0,&quot;premium_particles_responsive&quot;:[&quot;desktop&quot;,&quot;tablet&quot;,&quot;mobile&quot;]}\" data-elementor-post-type=\"page\">\n\t\t\t\t\t\t<section class=\"elementor-section elementor-top-section elementor-element elementor-element-4e60869 elementor-section-full_width elementor-section-height-min-height elementor-section-stretched elementor-section-height-default elementor-section-items-middle\" data-id=\"4e60869\" data-element_type=\"section\" data-settings=\"{&quot;stretch_section&quot;:&quot;section-stretched&quot;,&quot;jet_parallax_layout_list&quot;:[{&quot;jet_parallax_layout_image&quot;:{&quot;url&quot;:&quot;&quot;,&quot;id&quot;:&quot;&quot;,&quot;size&quot;:&quot;&quot;},&quot;_id&quot;:&quot;fe662c3&quot;,&quot;jet_parallax_layout_image_tablet&quot;:{&quot;url&quot;:&quot;&quot;,&quot;id&quot;:&quot;&quot;,&quot;size&quot;:&quot;&quot;},&quot;jet_parallax_layout_image_mobile&quot;:{&quot;url&quot;:&quot;&quot;,&quot;id&quot;:&quot;&quot;,&quot;size&quot;:&quot;&quot;},&quot;jet_parallax_layout_speed&quot;:{&quot;unit&quot;:&quot;%&quot;,&quot;size&quot;:50,&quot;sizes&quot;:[]},&quot;jet_parallax_layout_type&quot;:&quot;scroll&quot;,&quot;jet_parallax_layout_direction&quot;:null,&quot;jet_parallax_layout_fx_direction&quot;:null,&quot;jet_parallax_layout_z_index&quot;:&quot;&quot;,&quot;jet_parallax_layout_bg_x&quot;:50,&quot;jet_parallax_layout_bg_y&quot;:50,&quot;jet_parallax_layout_bg_size&quot;:&quot;auto&quot;,&quot;jet_parallax_layout_animation_prop&quot;:&quot;transform&quot;,&quot;jet_parallax_layout_on&quot;:[&quot;desktop&quot;,&quot;tablet&quot;],&quot;jet_parallax_layout_bg_x_tablet&quot;:&quot;&quot;,&quot;jet_parallax_layout_bg_x_mobile&quot;:&quot;&quot;,&quot;jet_parallax_layout_bg_y_tablet&quot;:&quot;&quot;,&quot;jet_parallax_layout_bg_y_mobile&quot;:&quot;&quot;,&quot;jet_parallax_layout_bg_size_tablet&quot;:&quot;&quot;,&quot;jet_parallax_layout_bg_size_mobile&quot;:&quot;&quot;}],&quot;background_background&quot;:&quot;classic&quot;,&quot;premium_particles_zindex&quot;:0,&quot;premium_particles_responsive&quot;:[&quot;desktop&quot;,&quot;tablet&quot;,&quot;mobile&quot;]}\">\n\t\t\t\t\t\t<div class=\"elementor-container elementor-column-gap-default\">\n\t\t\t\t\t<div class=\"elementor-column elementor-col-100 elementor-top-column elementor-element elementor-element-e35c25d\" data-id=\"e35c25d\" data-element_type=\"column\" data-settings=\"{&quot;premium_particles_zindex&quot;:0,&quot;premium_particles_responsive&quot;:[&quot;desktop&quot;,&quot;tablet&quot;,&quot;mobile&quot;]}\">\n\t\t\t<div class=\"elementor-widget-wrap\">\n\t\t\t\t\t\t\t<\/div>\n\t\t<\/div>\n\t\t\t\t\t<\/div>\n\t\t<\/section>\n\t\t\t\t<section class=\"elementor-section elementor-top-section elementor-element elementor-element-2cdd7585 elementor-section-boxed elementor-section-height-default elementor-section-height-default\" data-id=\"2cdd7585\" data-element_type=\"section\" data-settings=\"{&quot;jet_parallax_layout_list&quot;:[{&quot;jet_parallax_layout_image&quot;:{&quot;url&quot;:&quot;&quot;,&quot;id&quot;:&quot;&quot;,&quot;size&quot;:&quot;&quot;},&quot;_id&quot;:&quot;4635408&quot;,&quot;jet_parallax_layout_image_tablet&quot;:{&quot;url&quot;:&quot;&quot;,&quot;id&quot;:&quot;&quot;,&quot;size&quot;:&quot;&quot;},&quot;jet_parallax_layout_image_mobile&quot;:{&quot;url&quot;:&quot;&quot;,&quot;id&quot;:&quot;&quot;,&quot;size&quot;:&quot;&quot;},&quot;jet_parallax_layout_speed&quot;:{&quot;unit&quot;:&quot;%&quot;,&quot;size&quot;:50,&quot;sizes&quot;:[]},&quot;jet_parallax_layout_type&quot;:&quot;scroll&quot;,&quot;jet_parallax_layout_direction&quot;:null,&quot;jet_parallax_layout_fx_direction&quot;:null,&quot;jet_parallax_layout_z_index&quot;:&quot;&quot;,&quot;jet_parallax_layout_bg_x&quot;:50,&quot;jet_parallax_layout_bg_y&quot;:50,&quot;jet_parallax_layout_bg_size&quot;:&quot;auto&quot;,&quot;jet_parallax_layout_animation_prop&quot;:&quot;transform&quot;,&quot;jet_parallax_layout_on&quot;:[&quot;desktop&quot;,&quot;tablet&quot;],&quot;jet_parallax_layout_bg_x_tablet&quot;:&quot;&quot;,&quot;jet_parallax_layout_bg_x_mobile&quot;:&quot;&quot;,&quot;jet_parallax_layout_bg_y_tablet&quot;:&quot;&quot;,&quot;jet_parallax_layout_bg_y_mobile&quot;:&quot;&quot;,&quot;jet_parallax_layout_bg_size_tablet&quot;:&quot;&quot;,&quot;jet_parallax_layout_bg_size_mobile&quot;:&quot;&quot;}],&quot;premium_particles_zindex&quot;:0,&quot;premium_particles_responsive&quot;:[&quot;desktop&quot;,&quot;tablet&quot;,&quot;mobile&quot;]}\">\n\t\t\t\t\t\t<div class=\"elementor-container elementor-column-gap-default\">\n\t\t\t\t\t<div class=\"elementor-column elementor-col-100 elementor-top-column elementor-element elementor-element-2712e268\" data-id=\"2712e268\" data-element_type=\"column\" data-settings=\"{&quot;premium_particles_zindex&quot;:0,&quot;premium_particles_responsive&quot;:[&quot;desktop&quot;,&quot;tablet&quot;,&quot;mobile&quot;]}\">\n\t\t\t<div class=\"elementor-widget-wrap elementor-element-populated\">\n\t\t\t\t\t\t<div class=\"elementor-element elementor-element-611b4a2 elementor-widget elementor-widget-heading\" data-id=\"611b4a2\" data-element_type=\"widget\" data-widget_type=\"heading.default\">\n\t\t\t\t<div class=\"elementor-widget-container\">\n\t\t\t<h2 class=\"elementor-heading-title elementor-size-default\">POLITIQUE DE CONDIFENTIALIT\u00c9<\/h2>\t\t<\/div>\n\t\t\t\t<\/div>\n\t\t\t\t<div class=\"elementor-element elementor-element-3324d552 elementor-widget elementor-widget-text-editor\" data-id=\"3324d552\" data-element_type=\"widget\" data-widget_type=\"text-editor.default\">\n\t\t\t\t<div class=\"elementor-widget-container\">\n\t\t\t\t\t\t\t<strong>Protection des donn\u00e9es \u00e0 caract\u00e8re personnel<\/strong>\r\n\r\nConform\u00e9ment \u00e0 la loi organique 3\/2018, du 5 d\u00e9cembre, sur la protection des donn\u00e9es personnelles et la garantie des droits num\u00e9riques et \u00e0 son r\u00e8glement d&rsquo;application, ainsi qu&rsquo;au r\u00e8glement europ\u00e9en sur la protection des donn\u00e9es 2016\/679, TRUFALIA S.L., dor\u00e9navant (LA SOCI\u00c9T\u00c9) vous informe que les donn\u00e9es personnelles fournies par vous seront incorpor\u00e9es \u00e0 un fichier dont le responsable et le propri\u00e9taire est LA SOCI\u00c9T\u00c9. Sur son Site Internet, LA SOCI\u00c9T\u00c9 ne demande pas n\u00e9cessairement aux utilisateurs de fournir des donn\u00e9es, par cons\u00e9quent, la communication de donn\u00e9es personnelles par l&rsquo;utilisateur \u00e0 travers notre Site Internet ne peut \u00eatre comprise comme ayant lieu que lorsque l&rsquo;utilisateur utilise volontairement un formulaire de contact ou \u00e0 travers les adresses e-mail publi\u00e9es sur cette plate-forme.\r\n\r\n&nbsp;\r\n\r\nDans tous les cas d\u00e9crits ci-dessus, en remplissant les formulaires du Site ou en envoyant des courriels ou autres communications \u00e0 LA SOCI\u00c9T\u00c9, l&rsquo;utilisateur donne son consentement <strong>expr\u00e8s, libre et sans \u00e9quivoque<\/strong> au traitement de ses donn\u00e9es personnelles et \u00e0 la r\u00e9ception de communications sur les services que nous offrons, en acceptant express\u00e9ment et sans \u00e9quivoque que ses donn\u00e9es soient transf\u00e9r\u00e9es, exclusivement aux fins d\u00e9crites dans le paragraphe pr\u00e9c\u00e9dent, \u00e0 des entreprises directement li\u00e9es \u00e0 LA SOCI\u00c9T\u00c9. En aucun cas, LA SOCI\u00c9T\u00c9 n&rsquo;utilisera les donn\u00e9es personnelles des utilisateurs \u00e0 des fins autres que celles mentionn\u00e9es ci-dessus. De la m\u00eame mani\u00e8re, nous vous informons que vous pouvez exercer vos droits d&rsquo;acc\u00e8s, de rectification, d&rsquo;annulation, d&rsquo;opposition, de portabilit\u00e9 et d&rsquo;oubli du fichier, soit en tant qu&rsquo;Utilisateur Web, soit en tant qu&rsquo;Utilisateurs, en envoyant une demande \u00e9crite par courrier simple \u00e0 l&rsquo;adresse suivante : C\/ Aragon 9 1\u00ba Iz 44460 Sarri\u00f3n, (Teruel) ou\/et \u00e0 l\u2019adresse de courrier \u00e9lectronique admin@trufalia.es.\r\n\r\n<strong>DROIT \u00c0 L\u2019INFORMATION ET AU CONSENTEMENT EXPR\u00c9S<\/strong>\r\n\r\nL&rsquo;Utilisateur d\u00e9clare avoir lu et accept\u00e9 express\u00e9ment la pr\u00e9sente Politique de Confidentialit\u00e9 ainsi que les Mentions l\u00e9gales et les Conditions d&rsquo;Utilisation de cette plate-forme web, et donne son consentement sans \u00e9quivoque et explicite au traitement de ses donn\u00e9es personnelles conform\u00e9ment aux objectifs et services communiqu\u00e9s fournis par LA SOCI\u00c9T\u00c9, ainsi qu&rsquo;\u00e0 la cession de ses donn\u00e9es personnelles \u00e0 des tiers dans le but de r\u00e9aliser le Service. A ces fins, le terme Tiers s&rsquo;entend des \u00ab\u00a0entit\u00e9s, soci\u00e9t\u00e9s, utilisateurs et\/ou centres de formation qui utilisent les services de LA SOCI\u00c9T\u00c9 pour offrir et g\u00e9rer leurs services\u00a0\u00bb.\r\n\r\n<strong>CESSION<\/strong>\r\n\r\nLA SOCI\u00c9T\u00c9 peut divulguer des donn\u00e9es personnelles pour atteindre ses objectifs, pour se conformer \u00e0 des exigences l\u00e9gales, pour appliquer ses politiques, pour r\u00e9pondre \u00e0 des r\u00e9clamations concernant la violation par des publicit\u00e9s ou d&rsquo;autres contenus des droits de tiers ou pour prot\u00e9ger les droits de toute personne ou sa propri\u00e9t\u00e9 ou s\u00e9curit\u00e9. En ce sens, l&rsquo;utilisateur consent express\u00e9ment au transfert de ses donn\u00e9es personnelles aux fins sp\u00e9cifi\u00e9es dans la pr\u00e9sente Politique de Confidentialit\u00e9.\r\n\r\n<strong>FINALIT\u00c9<\/strong>\r\n\r\nLes donn\u00e9es des Utilisateurs inscrits par le biais des formulaires d&rsquo;inscription dans LA SOCI\u00c9T\u00c9 sont collect\u00e9es, avec les objectifs suivants :\r\n<ul>\r\n \t<li>Recommander \u00e0 chaque Utilisateur le produit ou le service qui r\u00e9pond le mieux \u00e0 ses besoins.<\/li>\r\n \t<li>Mettre en contact l&rsquo;Utilisateur et la SOCI\u00c9T\u00c9 concernant l&rsquo;offre de produits\/services publi\u00e9e dans LA SOCI\u00c9T\u00c9.<\/li>\r\n \t<li>Envoyer des communications \u00e9lectroniques promotionnelles et informatives sur le secteur et d&rsquo;autres secteurs d&rsquo;int\u00e9r\u00eat.<\/li>\r\n \t<li>L&rsquo;envoi de communications \u00e9lectroniques promotionnelles comprenant les nouvelles, les nouveaut\u00e9s et les informations les plus pertinentes du site web, ainsi que les communications \u00e9lectroniques li\u00e9es au secteur.<\/li>\r\n \t<li>La gestion globale de tous les objectifs mentionn\u00e9s ci-dessus.<\/li>\r\n<\/ul>\r\n<strong>CARACT\u00c8RE OBLIGATOIRE OU FACULTATIF DES INFORMATIONS FOURNIES PAR L&rsquo;UTILISATEUR ET V\u00c9RACIT\u00c9 DES DONN\u00c9ES<\/strong>\r\n\r\nDans certains cas, des champs marqu\u00e9s d&rsquo;un ast\u00e9risque (*) se trouvent sur les formulaires d&rsquo;inscription \u00e0 remplir par l&rsquo;utilisateur. Ces champs sont strictement n\u00e9cessaires, et l&rsquo;inclusion de donn\u00e9es dans les autres champs est volontaire.\r\n\r\nL&rsquo;Utilisateur garantit que toutes les informations personnelles fournies sont exactes et mises \u00e0 jour de mani\u00e8re \u00e0 r\u00e9pondre fid\u00e8lement \u00e0 la situation actuelle de l&rsquo;Utilisateur. Il est de la responsabilit\u00e9 et de l&rsquo;obligation de l&rsquo;Utilisateur de maintenir ses donn\u00e9es \u00e0 jour \u00e0 tout moment, et il est seul responsable de l&rsquo;inexactitude ou de la fausset\u00e9 des donn\u00e9es qu&rsquo;il a fournies et de tout dommage qu&rsquo;il pourrait causer \u00e0 LA SOCI\u00c9T\u00c9 ou \u00e0 des tiers suite \u00e0 l&rsquo;utilisation des services offerts par et \u00e0 travers LA SOCI\u00c9T\u00c9.\r\n\r\n<strong>CONSENTEMENT DE L\u2019UTILISATEUR<\/strong>\r\n\r\nEn remplissant les formulaires sur le site web et en cliquant pour envoyer les donn\u00e9es, l&rsquo;Utilisateur d\u00e9clare avoir lu, COMPRIS SANS \u00c9QUIVOQUE et accept\u00e9 express\u00e9ment les Conditions L\u00e9gales, et donne son consentement expr\u00e8s et sans \u00e9quivoque au traitement de ses donn\u00e9es personnelles conform\u00e9ment aux objectifs et services communiqu\u00e9s fournis par LA SOCI\u00c9T\u00c9.\r\n\r\nDe m\u00eame, l&rsquo;Utilisateur consent express\u00e9ment \u00e0 la possibilit\u00e9 que ses opinions et les contenus qu&rsquo;il fournit sur le site web soient trait\u00e9s par LA SOCI\u00c9T\u00c9 aux fins indiqu\u00e9es.\r\nL&rsquo;utilisateur donne son accord aux pr\u00e9sentes Conditions et \u00e0 la Politique de Confidentialit\u00e9 chaque fois qu\u2019:\r\n<ul>\r\n \t<li>Il navigue sur le Site Internet.<\/li>\r\n \t<li>Il envoie un courrier \u00e9lectronique aux adresses \u00e9lectroniques que LA SOCI\u00c9T\u00c9 met \u00e0 disposition.<\/li>\r\n \t<li>Il remplit le formulaire de contact ou de demande d&rsquo;informations.<\/li>\r\n<\/ul>\r\n<strong>S\u00c9CURIT\u00c9<\/strong>\r\n\r\nL&rsquo;ENTREPRISE informe les Utilisateurs qu&rsquo;elle a adopt\u00e9 les mesures techniques et organisationnelles \u00e9tablies par la r\u00e9glementation, qui garantissent la s\u00e9curit\u00e9 des donn\u00e9es personnelles et emp\u00eachent leur alt\u00e9ration, perte, traitement ou acc\u00e8s non autoris\u00e9, en tenant compte de l&rsquo;\u00e9tat de la technologie, de la nature des donn\u00e9es stock\u00e9es et des risques auxquels elles sont expos\u00e9es, le tout conform\u00e9ment aux dispositions de la r\u00e9glementation en vigueur.\r\n\r\n<strong>1.- V\u00e9ridiques et correspondantes \u00e0 l&rsquo;exp\u00e9rience personnelle : <\/strong>les opinions doivent n\u00e9cessairement \u00eatre bas\u00e9es sur l&rsquo;exp\u00e9rience personnelle de la personne qui les a \u00e9crites lors de la participation au cours. Les informations qui ne sont pas recueillies personnellement, ainsi que les rumeurs, les citations d&rsquo;autres sources ou les opinions ou exp\u00e9riences suppos\u00e9es d&rsquo;autres personnes ne seront pas admises.\r\n\r\n<strong>2.- Pertinent pour l&rsquo;utilisateur qui recherche des informations : <\/strong>les avis doivent \u00eatre n\u00e9cessairement pertinents pour ceux qui recherchent des informations. Nous ne sommes pas un forum pour les opinions politiques, \u00e9thiques ou religieuses g\u00e9n\u00e9rales. Nous ne publierons pas de questions ou de commentaires destin\u00e9s au personnel de LA SOCI\u00c9T\u00c9. Nous n&rsquo;acceptons pas non plus les adresses de courrier \u00e9lectronique, les sites web commerciaux ou les coordonn\u00e9es de contact. Nous n&rsquo;acceptons aucun mat\u00e9riel promotionnel d&rsquo;aucune sorte.\r\n\r\n<strong>\u00a0<\/strong>\r\n\r\n<strong>\u00a0<\/strong>\r\n\r\n<strong>CONDITIONS DE SERVICE<\/strong>\r\n\r\n<strong>CONDITIONS D&rsquo;UTILISATION POUR LES UTILISATEURS DU SITE WEB <\/strong>\r\n\r\nLes pr\u00e9sentes conditions g\u00e9n\u00e9rales r\u00e9gissent le contrat entre TRUFALIA S.L. au CIF B44265841 et adresse C\/ Aragon 9 1\u00ba Iz\u00a0 \u00a044460 Sarri\u00f3n, (Teruel) (LA SOCI\u00c9T\u00c9) et l\u2019Utilisateur\/trice.\r\n\r\n<strong>\r\nCaract\u00e9ristiques du document<\/strong>\r\n\r\nCe document d&rsquo;acceptation des conditions est stock\u00e9 dans notre syst\u00e8me informatique. L&rsquo;utilisateur peut l&rsquo;imprimer ou l&rsquo;enregistrer sur son ordinateur.\r\n\r\n<strong>\r\nR\u00e9clamations<\/strong>\r\n\r\nIl existe des fiches de r\u00e9clamation qui sont \u00e0 la disposition des utilisateurs. Ils peuvent \u00eatre demand\u00e9s par l&rsquo;interm\u00e9diaire de l\u2019adresse \u00e9lectronique admin@trufalia.es.\r\n\r\n<strong>===========================================================================<\/strong>\t\t\t\t\t\t<\/div>\n\t\t\t\t<\/div>\n\t\t\t\t\t<\/div>\n\t\t<\/div>\n\t\t\t\t\t<\/div>\n\t\t<\/section>\n\t\t\t\t<\/div>\n\t\t","protected":false},"excerpt":{"rendered":"<p>POLITIQUE DE CONDIFENTIALIT\u00c9 Protection des donn\u00e9es \u00e0 caract\u00e8re personnel Conform\u00e9ment \u00e0 la loi organique 3\/2018, du 5 d\u00e9cembre, sur la protection des donn\u00e9es personnelles et la garantie des droits num\u00e9riques et \u00e0 son r\u00e8glement d&rsquo;application, ainsi qu&rsquo;au r\u00e8glement europ\u00e9en sur la protection des donn\u00e9es 2016\/679, TRUFALIA S.L., dor\u00e9navant (LA SOCI\u00c9T\u00c9) vous informe que les donn\u00e9es &#8230; <a title=\"POLITIQUE DE CONDIFENTIALIT\u00c9\" class=\"read-more\" href=\"https:\/\/trufalia.es\/fr\/politique-de-condifentialite\/\" aria-label=\"En savoir plus sur POLITIQUE DE CONDIFENTIALIT\u00c9\">Lire la suite<\/a><\/p>\n","protected":false},"author":26,"featured_media":0,"parent":0,"menu_order":0,"comment_status":"closed","ping_status":"closed","template":"","meta":{"footnotes":""},"yoast_head":"<!-- This site is optimized with the Yoast SEO plugin v21.9.1 - https:\/\/yoast.com\/wordpress\/plugins\/seo\/ -->\n<title>POLITIQUE DE CONDIFENTIALIT\u00c9 - Trufalia<\/title>\n<meta name=\"robots\" content=\"index, follow, max-snippet:-1, max-image-preview:large, max-video-preview:-1\" \/>\n<link rel=\"canonical\" href=\"https:\/\/trufalia.es\/fr\/politique-de-condifentialite\/\" \/>\n<meta property=\"og:locale\" content=\"fr_FR\" \/>\n<meta property=\"og:type\" content=\"article\" \/>\n<meta property=\"og:title\" content=\"POLITIQUE DE CONDIFENTIALIT\u00c9 - Trufalia\" \/>\n<meta property=\"og:description\" content=\"POLITIQUE DE CONDIFENTIALIT\u00c9 Protection des donn\u00e9es \u00e0 caract\u00e8re personnel Conform\u00e9ment \u00e0 la loi organique 3\/2018, du 5 d\u00e9cembre, sur la protection des donn\u00e9es personnelles et la garantie des droits num\u00e9riques et \u00e0 son r\u00e8glement d&rsquo;application, ainsi qu&rsquo;au r\u00e8glement europ\u00e9en sur la protection des donn\u00e9es 2016\/679, TRUFALIA S.L., dor\u00e9navant (LA SOCI\u00c9T\u00c9) vous informe que les donn\u00e9es ... Lire la suite\" \/>\n<meta property=\"og:url\" content=\"https:\/\/trufalia.es\/fr\/politique-de-condifentialite\/\" \/>\n<meta property=\"og:site_name\" content=\"Trufalia\" \/>\n<meta property=\"article:modified_time\" content=\"2020-12-07T17:31:07+00:00\" \/>\n<meta name=\"twitter:card\" content=\"summary_large_image\" \/>\n<meta name=\"twitter:label1\" content=\"Dur\u00e9e de lecture estim\u00e9e\" \/>\n\t<meta name=\"twitter:data1\" content=\"6 minutes\" \/>\n<script type=\"application\/ld+json\" class=\"yoast-schema-graph\">{\"@context\":\"https:\/\/schema.org\",\"@graph\":[{\"@type\":\"WebPage\",\"@id\":\"https:\/\/trufalia.es\/fr\/politique-de-condifentialite\/\",\"url\":\"https:\/\/trufalia.es\/fr\/politique-de-condifentialite\/\",\"name\":\"POLITIQUE DE CONDIFENTIALIT\u00c9 - Trufalia\",\"isPartOf\":{\"@id\":\"https:\/\/trufalia.es\/#website\"},\"datePublished\":\"2020-11-30T16:32:03+00:00\",\"dateModified\":\"2020-12-07T17:31:07+00:00\",\"breadcrumb\":{\"@id\":\"https:\/\/trufalia.es\/fr\/politique-de-condifentialite\/#breadcrumb\"},\"inLanguage\":\"fr-FR\",\"potentialAction\":[{\"@type\":\"ReadAction\",\"target\":[\"https:\/\/trufalia.es\/fr\/politique-de-condifentialite\/\"]}]},{\"@type\":\"BreadcrumbList\",\"@id\":\"https:\/\/trufalia.es\/fr\/politique-de-condifentialite\/#breadcrumb\",\"itemListElement\":[{\"@type\":\"ListItem\",\"position\":1,\"name\":\"Portada\",\"item\":\"https:\/\/trufalia.es\/fr\/\"},{\"@type\":\"ListItem\",\"position\":2,\"name\":\"POLITIQUE DE CONDIFENTIALIT\u00c9\"}]},{\"@type\":\"WebSite\",\"@id\":\"https:\/\/trufalia.es\/#website\",\"url\":\"https:\/\/trufalia.es\/\",\"name\":\"Trufalia\",\"description\":\"Trufa negra fresca\",\"potentialAction\":[{\"@type\":\"SearchAction\",\"target\":{\"@type\":\"EntryPoint\",\"urlTemplate\":\"https:\/\/trufalia.es\/?s={search_term_string}\"},\"query-input\":\"required name=search_term_string\"}],\"inLanguage\":\"fr-FR\"}]}<\/script>\n<!-- \/ Yoast SEO plugin. -->","yoast_head_json":{"title":"POLITIQUE DE CONDIFENTIALIT\u00c9 - Trufalia","robots":{"index":"index","follow":"follow","max-snippet":"max-snippet:-1","max-image-preview":"max-image-preview:large","max-video-preview":"max-video-preview:-1"},"canonical":"https:\/\/trufalia.es\/fr\/politique-de-condifentialite\/","og_locale":"fr_FR","og_type":"article","og_title":"POLITIQUE DE CONDIFENTIALIT\u00c9 - Trufalia","og_description":"POLITIQUE DE CONDIFENTIALIT\u00c9 Protection des donn\u00e9es \u00e0 caract\u00e8re personnel Conform\u00e9ment \u00e0 la loi organique 3\/2018, du 5 d\u00e9cembre, sur la protection des donn\u00e9es personnelles et la garantie des droits num\u00e9riques et \u00e0 son r\u00e8glement d&rsquo;application, ainsi qu&rsquo;au r\u00e8glement europ\u00e9en sur la protection des donn\u00e9es 2016\/679, TRUFALIA S.L., dor\u00e9navant (LA SOCI\u00c9T\u00c9) vous informe que les donn\u00e9es ... Lire la suite","og_url":"https:\/\/trufalia.es\/fr\/politique-de-condifentialite\/","og_site_name":"Trufalia","article_modified_time":"2020-12-07T17:31:07+00:00","twitter_card":"summary_large_image","twitter_misc":{"Dur\u00e9e de lecture estim\u00e9e":"6 minutes"},"schema":{"@context":"https:\/\/schema.org","@graph":[{"@type":"WebPage","@id":"https:\/\/trufalia.es\/fr\/politique-de-condifentialite\/","url":"https:\/\/trufalia.es\/fr\/politique-de-condifentialite\/","name":"POLITIQUE DE CONDIFENTIALIT\u00c9 - Trufalia","isPartOf":{"@id":"https:\/\/trufalia.es\/#website"},"datePublished":"2020-11-30T16:32:03+00:00","dateModified":"2020-12-07T17:31:07+00:00","breadcrumb":{"@id":"https:\/\/trufalia.es\/fr\/politique-de-condifentialite\/#breadcrumb"},"inLanguage":"fr-FR","potentialAction":[{"@type":"ReadAction","target":["https:\/\/trufalia.es\/fr\/politique-de-condifentialite\/"]}]},{"@type":"BreadcrumbList","@id":"https:\/\/trufalia.es\/fr\/politique-de-condifentialite\/#breadcrumb","itemListElement":[{"@type":"ListItem","position":1,"name":"Portada","item":"https:\/\/trufalia.es\/fr\/"},{"@type":"ListItem","position":2,"name":"POLITIQUE DE CONDIFENTIALIT\u00c9"}]},{"@type":"WebSite","@id":"https:\/\/trufalia.es\/#website","url":"https:\/\/trufalia.es\/","name":"Trufalia","description":"Trufa negra fresca","potentialAction":[{"@type":"SearchAction","target":{"@type":"EntryPoint","urlTemplate":"https:\/\/trufalia.es\/?s={search_term_string}"},"query-input":"required name=search_term_string"}],"inLanguage":"fr-FR"}]}},"_links":{"self":[{"href":"https:\/\/trufalia.es\/fr\/wp-json\/wp\/v2\/pages\/1398"}],"collection":[{"href":"https:\/\/trufalia.es\/fr\/wp-json\/wp\/v2\/pages"}],"about":[{"href":"https:\/\/trufalia.es\/fr\/wp-json\/wp\/v2\/types\/page"}],"author":[{"embeddable":true,"href":"https:\/\/trufalia.es\/fr\/wp-json\/wp\/v2\/users\/26"}],"replies":[{"embeddable":true,"href":"https:\/\/trufalia.es\/fr\/wp-json\/wp\/v2\/comments?post=1398"}],"version-history":[{"count":5,"href":"https:\/\/trufalia.es\/fr\/wp-json\/wp\/v2\/pages\/1398\/revisions"}],"predecessor-version":[{"id":1814,"href":"https:\/\/trufalia.es\/fr\/wp-json\/wp\/v2\/pages\/1398\/revisions\/1814"}],"wp:attachment":[{"href":"https:\/\/trufalia.es\/fr\/wp-json\/wp\/v2\/media?parent=1398"}],"curies":[{"name":"wp","href":"https:\/\/api.w.org\/{rel}","templated":true}]}}