{"id":1405,"date":"2020-11-30T16:34:18","date_gmt":"2020-11-30T16:34:18","guid":{"rendered":"https:\/\/trufalia.es\/aviso-legal-condiciones-de-uso-copy\/"},"modified":"2020-12-07T17:38:04","modified_gmt":"2020-12-07T17:38:04","slug":"mentions-legales-conditions-dutilisation","status":"publish","type":"page","link":"https:\/\/trufalia.es\/fr\/mentions-legales-conditions-dutilisation\/","title":{"rendered":"MENTIONS L\u00c9GALES \/ CONDITIONS D\u2019UTILISATION"},"content":{"rendered":"\t\t<div data-elementor-type=\"wp-page\" data-elementor-id=\"1405\" class=\"elementor elementor-1405 elementor-931\" data-elementor-settings=\"{&quot;premium_particles_zindex&quot;:0,&quot;premium_particles_responsive&quot;:[&quot;desktop&quot;,&quot;tablet&quot;,&quot;mobile&quot;]}\" data-elementor-post-type=\"page\">\n\t\t\t\t\t\t<section class=\"elementor-section elementor-top-section elementor-element elementor-element-6009dcd elementor-section-full_width elementor-section-height-min-height elementor-section-stretched elementor-section-height-default elementor-section-items-middle\" data-id=\"6009dcd\" data-element_type=\"section\" data-settings=\"{&quot;stretch_section&quot;:&quot;section-stretched&quot;,&quot;jet_parallax_layout_list&quot;:[{&quot;jet_parallax_layout_image&quot;:{&quot;url&quot;:&quot;&quot;,&quot;id&quot;:&quot;&quot;,&quot;size&quot;:&quot;&quot;},&quot;_id&quot;:&quot;fe662c3&quot;,&quot;jet_parallax_layout_image_tablet&quot;:{&quot;url&quot;:&quot;&quot;,&quot;id&quot;:&quot;&quot;,&quot;size&quot;:&quot;&quot;},&quot;jet_parallax_layout_image_mobile&quot;:{&quot;url&quot;:&quot;&quot;,&quot;id&quot;:&quot;&quot;,&quot;size&quot;:&quot;&quot;},&quot;jet_parallax_layout_speed&quot;:{&quot;unit&quot;:&quot;%&quot;,&quot;size&quot;:50,&quot;sizes&quot;:[]},&quot;jet_parallax_layout_type&quot;:&quot;scroll&quot;,&quot;jet_parallax_layout_direction&quot;:null,&quot;jet_parallax_layout_fx_direction&quot;:null,&quot;jet_parallax_layout_z_index&quot;:&quot;&quot;,&quot;jet_parallax_layout_bg_x&quot;:50,&quot;jet_parallax_layout_bg_y&quot;:50,&quot;jet_parallax_layout_bg_size&quot;:&quot;auto&quot;,&quot;jet_parallax_layout_animation_prop&quot;:&quot;transform&quot;,&quot;jet_parallax_layout_on&quot;:[&quot;desktop&quot;,&quot;tablet&quot;],&quot;jet_parallax_layout_bg_x_tablet&quot;:&quot;&quot;,&quot;jet_parallax_layout_bg_x_mobile&quot;:&quot;&quot;,&quot;jet_parallax_layout_bg_y_tablet&quot;:&quot;&quot;,&quot;jet_parallax_layout_bg_y_mobile&quot;:&quot;&quot;,&quot;jet_parallax_layout_bg_size_tablet&quot;:&quot;&quot;,&quot;jet_parallax_layout_bg_size_mobile&quot;:&quot;&quot;}],&quot;background_background&quot;:&quot;classic&quot;,&quot;premium_particles_zindex&quot;:0,&quot;premium_particles_responsive&quot;:[&quot;desktop&quot;,&quot;tablet&quot;,&quot;mobile&quot;]}\">\n\t\t\t\t\t\t<div class=\"elementor-container elementor-column-gap-default\">\n\t\t\t\t\t<div class=\"elementor-column elementor-col-100 elementor-top-column elementor-element elementor-element-4bd1364\" data-id=\"4bd1364\" data-element_type=\"column\" data-settings=\"{&quot;premium_particles_zindex&quot;:0,&quot;premium_particles_responsive&quot;:[&quot;desktop&quot;,&quot;tablet&quot;,&quot;mobile&quot;]}\">\n\t\t\t<div class=\"elementor-widget-wrap\">\n\t\t\t\t\t\t\t<\/div>\n\t\t<\/div>\n\t\t\t\t\t<\/div>\n\t\t<\/section>\n\t\t\t\t<section class=\"elementor-section elementor-top-section elementor-element elementor-element-314010f elementor-section-boxed elementor-section-height-default elementor-section-height-default\" data-id=\"314010f\" data-element_type=\"section\" data-settings=\"{&quot;jet_parallax_layout_list&quot;:[{&quot;jet_parallax_layout_image&quot;:{&quot;url&quot;:&quot;&quot;,&quot;id&quot;:&quot;&quot;,&quot;size&quot;:&quot;&quot;},&quot;_id&quot;:&quot;1813904&quot;,&quot;jet_parallax_layout_image_tablet&quot;:{&quot;url&quot;:&quot;&quot;,&quot;id&quot;:&quot;&quot;,&quot;size&quot;:&quot;&quot;},&quot;jet_parallax_layout_image_mobile&quot;:{&quot;url&quot;:&quot;&quot;,&quot;id&quot;:&quot;&quot;,&quot;size&quot;:&quot;&quot;},&quot;jet_parallax_layout_speed&quot;:{&quot;unit&quot;:&quot;%&quot;,&quot;size&quot;:50,&quot;sizes&quot;:[]},&quot;jet_parallax_layout_type&quot;:&quot;scroll&quot;,&quot;jet_parallax_layout_direction&quot;:null,&quot;jet_parallax_layout_fx_direction&quot;:null,&quot;jet_parallax_layout_z_index&quot;:&quot;&quot;,&quot;jet_parallax_layout_bg_x&quot;:50,&quot;jet_parallax_layout_bg_y&quot;:50,&quot;jet_parallax_layout_bg_size&quot;:&quot;auto&quot;,&quot;jet_parallax_layout_animation_prop&quot;:&quot;transform&quot;,&quot;jet_parallax_layout_on&quot;:[&quot;desktop&quot;,&quot;tablet&quot;],&quot;jet_parallax_layout_bg_x_tablet&quot;:&quot;&quot;,&quot;jet_parallax_layout_bg_x_mobile&quot;:&quot;&quot;,&quot;jet_parallax_layout_bg_y_tablet&quot;:&quot;&quot;,&quot;jet_parallax_layout_bg_y_mobile&quot;:&quot;&quot;,&quot;jet_parallax_layout_bg_size_tablet&quot;:&quot;&quot;,&quot;jet_parallax_layout_bg_size_mobile&quot;:&quot;&quot;}],&quot;premium_particles_zindex&quot;:0,&quot;premium_particles_responsive&quot;:[&quot;desktop&quot;,&quot;tablet&quot;,&quot;mobile&quot;]}\">\n\t\t\t\t\t\t<div class=\"elementor-container elementor-column-gap-default\">\n\t\t\t\t\t<div class=\"elementor-column elementor-col-100 elementor-top-column elementor-element elementor-element-67c87dbf\" data-id=\"67c87dbf\" data-element_type=\"column\" data-settings=\"{&quot;premium_particles_zindex&quot;:0,&quot;premium_particles_responsive&quot;:[&quot;desktop&quot;,&quot;tablet&quot;,&quot;mobile&quot;]}\">\n\t\t\t<div class=\"elementor-widget-wrap elementor-element-populated\">\n\t\t\t\t\t\t<div class=\"elementor-element elementor-element-75374fb elementor-widget elementor-widget-heading\" data-id=\"75374fb\" data-element_type=\"widget\" data-widget_type=\"heading.default\">\n\t\t\t\t<div class=\"elementor-widget-container\">\n\t\t\t<h2 class=\"elementor-heading-title elementor-size-default\">MENTIONS L\u00c9GALES \/ CONDITIONS D\u2019UTILISATION<\/h2>\t\t<\/div>\n\t\t\t\t<\/div>\n\t\t\t\t<div class=\"elementor-element elementor-element-d289220 elementor-widget elementor-widget-text-editor\" data-id=\"d289220\" data-element_type=\"widget\" data-widget_type=\"text-editor.default\">\n\t\t\t\t<div class=\"elementor-widget-container\">\n\t\t\t\t\t\t\tBienvenue sur le site <a href=\"http:\/\/trufalia.es\">http:\/\/trufalia.es<\/a> propri\u00e9t\u00e9 de TRUFALIA S.L. au CIF\u00a0: <em>:\u00a0<\/em>B44265841 dor\u00e9navant (LA SOCI\u00c9T\u00c9) afin de respecter les dispositions de la loi 34\/2002, du 11 juillet, sur les services de la soci\u00e9t\u00e9 de l&rsquo;information et le commerce \u00e9lectronique, les informations g\u00e9n\u00e9rales de ce site web sont indiqu\u00e9es ci-dessous et l\u2019adresse de courrier \u00e9lectronique admin@trufalia.es est \u00e9tabli comme principal moyen de communication. Les donn\u00e9es compl\u00e8tes \u00e9tant :\r\n\r\n<strong>TRUFALIA S.L.<\/strong>\r\n\r\n<strong>C\/ Aragon 9 1\u00ba Iz\u00a0 <\/strong>\r\n\r\n<strong>44460 Sarri\u00f3n, (Teruel)<\/strong>\r\n\r\n<strong>B44265841<\/strong>\r\n<h4>Conditions d\u2019utilisation<\/h4>\r\nLes conditions expos\u00e9es sont susceptibles d&rsquo;\u00eatre modifi\u00e9es et mises \u00e0 jour, de sorte que la version publi\u00e9e par LA SOCI\u00c9T\u00c9 peut \u00eatre diff\u00e9rente chaque fois que l&rsquo;Utilisateur acc\u00e8de au Site Internet. Par cons\u00e9quent, l&rsquo;utilisateur doit lire et accepter qu&rsquo;il comprend l&rsquo;avis juridique sur toutes les pages qu&rsquo;il visite \u00e0 partir du site, et peut exercer ses droits \u00e0 l\u2019adresse de courrier \u00e9lectronique mentionn\u00e9e ci-dessus en cas de malentendu ou d&rsquo;opposition. Il est entendu qu&rsquo;en cas de non exercice de ces droits, l&rsquo;Utilisateur consent \u00e0 COMPRENDRE et ACCEPTER EXPRESS\u00c9MENT ET IN\u00c9QUIVOQUEMENT les conditions de ce Site.\r\nSi l&rsquo;Utilisateur n&rsquo;est pas d&rsquo;accord avec les clauses et conditions d&rsquo;utilisation des pr\u00e9sentes Mentions l\u00e9gales, il s&rsquo;abstiendra d&rsquo;utiliser le Site.\r\nLes pr\u00e9sentes conditions r\u00e9gissent l&rsquo;utilisation du site web o\u00f9 le public peut obtenir des informations sur les services de LA SOCI\u00c9T\u00c9. Veuillez lire attentivement les informations que nous vous fournissons. Le fait que vous acc\u00e9diez \u00e0 ce site web et que vous utilisiez les documents qu&rsquo;il contient implique que vous avez lu et accept\u00e9, sans r\u00e9serve, ces conditions. Ce site web contient du contenu web, par exemple des produits\/services, propres ou de tiers, \u00e0 des fins commerciales. Nous vous informons que le contenu web peut \u00eatre modifi\u00e9, d\u00e9velopp\u00e9 ou mis \u00e0 jour \u00e0 tout moment sans pr\u00e9avis.\r\nLa simple utilisation du site Web vous conf\u00e8re la condition d&rsquo;Utilisateur de celui-ci, qu&rsquo;il s&rsquo;agisse d&rsquo;une personne physique ou morale et implique obligatoirement l&rsquo;acceptation compl\u00e8te, enti\u00e8re et sans r\u00e9serve de chacune des clauses et conditions g\u00e9n\u00e9rales incluses dans les Mentions l\u00e9gales.\r\n\r\nConform\u00e9ment aux dispositions, nous vous informons que l&rsquo;utilisateur ne pourra pas :\r\n<ul>\r\n \t<li>Supprimer, manipuler ou alt\u00e9rer de quelque mani\u00e8re que ce soit les droits d&rsquo;auteur et autres donn\u00e9es identifiant la r\u00e9serve de droits de leurs titulaires, les empreintes digitales et\/ou les identifiants num\u00e9riques, ou tout autre moyen technique \u00e9tabli pour leur reconnaissance.<\/li>\r\n \t<li>Reproduire, copier, distribuer, mettre \u00e0 disposition ou de toute autre mani\u00e8re communiquer publiquement, transformer ou modifier le contenu, sauf si vous avez l&rsquo;autorisation \u00e9crite explicite de LA SOCI\u00c9T\u00c9, qui d\u00e9tient les droits correspondants, ou si cela est l\u00e9galement autoris\u00e9.<\/li>\r\n<\/ul>\r\n<strong>Droits de propri\u00e9t\u00e9 intellectuelle et industrielle\r\n<\/strong>L&rsquo;ensemble du contenu de ce site web, y compris, mais sans s&rsquo;y limiter, les textes, images, fichiers, photographies, logos, graphiques, marques, ic\u00f4nes, combinaisons de couleurs ou tout autre \u00e9l\u00e9ment, sa structure et sa conception, la s\u00e9lection et la pr\u00e9sentation des mat\u00e9riaux qui y sont inclus, et les logiciels, Les liens et autres contenus audiovisuels ou sonores, ainsi que leur conception graphique et les codes sources n\u00e9cessaires \u00e0 leur fonctionnement, leur acc\u00e8s et leur utilisation, sont prot\u00e9g\u00e9s par des droits de propri\u00e9t\u00e9 industrielle et intellectuelle, d\u00e9tenus par des tiers, sans que l&rsquo;on puisse comprendre que les droits d&rsquo;exploitation sur ces derniers soient transf\u00e9r\u00e9s au-del\u00e0 de ce qui est strictement n\u00e9cessaire pour la bonne utilisation du site web.\r\n\r\nIl est interdit de d\u00e9compiler, d\u00e9sassembler, r\u00e9aliser de l&rsquo;ing\u00e9nierie inverse, accorder une sous-licence ou transmettre de quelque mani\u00e8re que ce soit, traduire ou r\u00e9aliser des travaux d\u00e9riv\u00e9s des programmes informatiques n\u00e9cessaires au fonctionnement, \u00e0 l&rsquo;acc\u00e8s et \u00e0 l&rsquo;utilisation de ce site web et des services qui y sont contenus. L&rsquo;utilisateur du site web doit dans tous les cas s&rsquo;abstenir de retirer, modifier, contourner ou manipuler tout dispositif de protection ou syst\u00e8me de s\u00e9curit\u00e9 qui pourrait \u00eatre install\u00e9 sur le site web.\r\n\r\nLes marques, noms commerciaux ou logos sont la propri\u00e9t\u00e9 de LA SOCI\u00c9T\u00c9 ou de tiers, et l&rsquo;acc\u00e8s au site web ne doit pas \u00eatre interpr\u00e9t\u00e9 comme conf\u00e9rant un droit quelconque sur ces marques, noms commerciaux et\/ou logos.\r\n<h4><strong>Liens<\/strong><\/h4>\r\n<h4>Les liens contenus dans ce site web peuvent conduire l&rsquo;utilisateur vers d&rsquo;autres sites web et pages g\u00e9r\u00e9s par des tiers, sur lesquels il n&rsquo;exerce aucun contr\u00f4le, n&rsquo;est pas responsable du contenu ou du statut de ces sites et pages, et l&rsquo;acc\u00e8s \u00e0 ceux-ci par le biais de ce site web n&rsquo;implique pas que leur contenu soit recommand\u00e9 ou approuv\u00e9.<\/h4>\r\n<strong>Liens hypertexte<\/strong>\r\n\r\nLes personnes qui ont l&rsquo;intention d&rsquo;\u00e9tablir des hyperliens entre leur site web et ce portail doivent respecter les conditions suivantes :\r\n\r\n\u2013 Aucune autorisation pr\u00e9alable n&rsquo;est requise lorsque l&rsquo;hyperlien permet uniquement d&rsquo;acc\u00e9der \u00e0 la page d&rsquo;accueil, mais vous ne pouvez pas le reproduire de quelque mani\u00e8re que ce soit. Toute autre forme de lien hypertexte devra faire l&rsquo;objet d&rsquo;une autorisation \u00e9crite, expresse et sans \u00e9quivoque de LA SOCI\u00c9T\u00c9.\r\n&#8211; Aucune d\u00e9claration fausse ou offensante ne sera faite sur LA SOCI\u00c9T\u00c9, le personnel ou les tiers li\u00e9s \u00e0 ce Site ou au Contenu fourni.\r\n&#8211; En aucun cas, il ne doit \u00eatre mentionn\u00e9 ou sous-entendu qu&rsquo;elle a supervis\u00e9 ou autoris\u00e9 l&rsquo;hyperlien mis \u00e0 disposition de la page web vers laquelle l&rsquo;hyperlien redirige. Il ne peut contenir que ce qui est strictement n\u00e9cessaire pour identifier la destination de l&rsquo;hyperlien.\r\n&#8211; Le site web sur lequel l&rsquo;hyperlien est \u00e9tabli ne doit pas contenir d&rsquo;informations ou de contenus illicites, contraires \u00e0 l&rsquo;\u00e9thique ou \u00e0 l&rsquo;ordre public, ni de contenus contraires aux droits des tiers.\r\n&#8211; Dans le cas o\u00f9 l&rsquo;utilisateur consid\u00e8re qu&rsquo;il existe un site en lien qui renvoie \u00e0 des sites web dont le contenu est illicite, nuisible, d\u00e9nigrant ou violent, il est tenu de le communiquer par le biais de l\u2019adresse de courrier \u00e9lectronique admin@trufalia.es ou par voies l\u00e9gales. Les hyperliens n&rsquo;impliquent pas qu&rsquo;il existe une relation entre les deux sites, ni qu&rsquo;un quelconque consentement d&rsquo;utilisation ait \u00e9t\u00e9 donn\u00e9 \u00e0 priori, de sorte que la responsabilit\u00e9 finale sera celle du destinataire du contenu de ce site.\r\n<h4>Modifications<\/h4>\r\nAfin d&rsquo;am\u00e9liorer le site web, LA SOCI\u00c9T\u00c9 se r\u00e9serve le droit, \u00e0 tout moment et sans pr\u00e9avis, de modifier, d&rsquo;\u00e9tendre ou de suspendre temporairement la pr\u00e9sentation, la configuration, les sp\u00e9cifications techniques et les services du site web, de mani\u00e8re unilat\u00e9rale. Elle se r\u00e9serve \u00e9galement le droit de modifier \u00e0 tout moment les pr\u00e9sentes conditions d&rsquo;utilisation ainsi que d&rsquo;autres conditions particuli\u00e8res.\r\n<h4>Exclusion de la responsabilit\u00e9<\/h4>\r\nToute personne utilisant ce site web le fait \u00e0 ses propres risques. LA SOCI\u00c9T\u00c9, ses partenaires, collaborateurs, employ\u00e9s et repr\u00e9sentants ne sont pas responsables des erreurs ou omissions dans le contenu de ce site web ou de tout autre contenu auquel il est possible d&rsquo;acc\u00e9der par son interm\u00e9diaire. TRUFALIA S.L., ses partenaires, collaborateurs, employ\u00e9s et repr\u00e9sentants ne peuvent pas non plus \u00eatre tenus responsables des dommages r\u00e9sultant de l&rsquo;utilisation de ce site web, ni des actions entreprises sur la base des informations fournies.\r\nLes informations contenues dans ce site sont fournies sans garantie d&rsquo;aucune sorte, expresse ou implicite, et peuvent \u00eatre modifi\u00e9es ou mises \u00e0 jour sans pr\u00e9avis. Elles ne garantissent pas l&rsquo;absence de virus, de vers ou d&rsquo;autres \u00e9l\u00e9ments informatiques nuisibles qui pourraient causer des dommages ou des alt\u00e9rations au syst\u00e8me informatique, aux documents \u00e9lectroniques ou aux fichiers de l&rsquo;utilisateur de ce site. Par cons\u00e9quent, elle n&rsquo;est pas responsable des dommages que ces \u00e9l\u00e9ments pourraient causer \u00e0 l&rsquo;utilisateur ou \u00e0 des tiers. De m\u00eame, elle n&rsquo;est pas responsable et ne garantit pas la disponibilit\u00e9 et la continuit\u00e9 de l&rsquo;acc\u00e8s \u00e0 ce site web ni l&rsquo;absence d&rsquo;erreurs. Dans tous les cas, il incombe \u00e0 l&rsquo;utilisateur du site web de disposer d&rsquo;outils ad\u00e9quats pour la d\u00e9tection et la d\u00e9sinfection des programmes informatiques nuisibles ou pr\u00e9judiciables.\r\n\r\nL&rsquo;utilisateur sera responsable de tout dommage, de quelque nature que ce soit, qu&rsquo;il pourrait subir du fait du non-respect de l&rsquo;une des obligations auxquelles il est soumis dans les pr\u00e9sentes conditions. L&rsquo;utilisateur est conscient et accepte volontairement que l&rsquo;utilisation de tout contenu de ce site web, dans tous les cas, se fait sous sa seule et exclusive responsabilit\u00e9.\r\n<table>\r\n<tbody>\r\n<tr>\r\n<td width=\"695\"><strong><u>Proc\u00e9dures Domaines .es, .com y .eu<\/u><\/strong>\r\n\r\n<strong>R\u00e8gles de proc\u00e9dure pour la r\u00e9solution extrajudiciaire des conflits pour les noms de domaine sous le code de pays correspondant \u00e0 l&rsquo;Espagne (ES)<\/strong>\r\n\r\n<a href=\"https:\/\/www.dondominio.com\/legal\/27\/reglamento-del-procedimiento-de-resolucion-extrajudicial-de-conflictos-para-nombres-de-dominio-bajo-el-codigo-de-pais-correspondiente-a-espana-es\">https:\/\/www.dondominio.com\/legal\/27\/reglamento-del-procedimiento-de-resolucion-extrajudicial-de-conflictos-para-nombres-de-dominio-bajo-el-codigo-de-pais-correspondiente-a-espana-es<\/a>\r\n\r\nR\u00e8gles d&rsquo;application des principes directeurs r\u00e9gissant le r\u00e8glement uniforme des litiges RELATIF AUX NOMS DE DOMAINE g\u00e9n\u00e9riques.\r\n\r\n<a href=\"https:\/\/www.dondominio.com\/legal\/24\/reglamento-de-la-politica-uniforme-de-solucion-de-controversias-en-materia-de-nombres-de-dominio-genericos\/\">https:\/\/www.dondominio.com\/legal\/24\/reglamento-de-la-politica-uniforme-de-solucion-de-controversias-en-materia-de-nombres-de-dominio-genericos\/<\/a>\r\n\r\n<strong>R\u00e8gles du m\u00e9canisme de r\u00e8glement des litiges relatifs aux noms de domaine de l&rsquo;UE<\/strong>\r\n\r\n<a href=\"http:\/\/www.wipo.int\/amc\/es\/domains\/cctld\/eu\/index.html\">http:\/\/www.wipo.int\/amc\/es\/domains\/cctld\/eu\/index.html<\/a><\/td>\r\n<\/tr>\r\n<\/tbody>\r\n<\/table>\r\n<h4>Lois et juridiction applicables<\/h4>\r\nLa langue du contrat est l&rsquo;espagnol.\r\n\r\nLes pr\u00e9sentes conditions g\u00e9n\u00e9rales seront interpr\u00e9t\u00e9es conform\u00e9ment \u00e0 la l\u00e9gislation en vigueur en Espagne sur le sujet, qui sera appliqu\u00e9e subsidiairement dans tout ce qui n&rsquo;a pas \u00e9t\u00e9 pr\u00e9vu dans les m\u00eames (essentiellement la loi 34\/2002 du 11 juillet des services de l&rsquo;information et du commerce \u00e9lectronique).\r\n\r\nLes termes, conditions et autres documents seront r\u00e9gis par le droit espagnol.\r\n\r\nLe propri\u00e9taire du site Web et l&rsquo;utilisateur, renon\u00e7ant express\u00e9ment \u00e0 toute autre juridiction qui pourrait leur correspondre (y compris les utilisateurs qui se connectent depuis tout autre pays de la Communaut\u00e9 europ\u00e9enne ainsi que des pays tiers), se soumettent \u00e0 la juridiction des Cours et Tribunaux de Teruel, pour toute question qui pourrait se poser ou toute action qui pourrait \u00eatre entreprise suite \u00e0 la prestation du service Web et de ses services et contenus et sur l&rsquo;interpr\u00e9tation, l&rsquo;application, le respect ou le non-respect de ce qui est \u00e9tabli ici.\r\n\r\n<strong>===========================================================================<\/strong>\r\n\r\n<u>\u00a0<\/u>\r\n\r\n&nbsp;\t\t\t\t\t\t<\/div>\n\t\t\t\t<\/div>\n\t\t\t\t\t<\/div>\n\t\t<\/div>\n\t\t\t\t\t<\/div>\n\t\t<\/section>\n\t\t\t\t<\/div>\n\t\t","protected":false},"excerpt":{"rendered":"<p>MENTIONS L\u00c9GALES \/ CONDITIONS D\u2019UTILISATION Bienvenue sur le site http:\/\/trufalia.es propri\u00e9t\u00e9 de TRUFALIA S.L. au CIF\u00a0: :\u00a0B44265841 dor\u00e9navant (LA SOCI\u00c9T\u00c9) afin de respecter les dispositions de la loi 34\/2002, du 11 juillet, sur les services de la soci\u00e9t\u00e9 de l&rsquo;information et le commerce \u00e9lectronique, les informations g\u00e9n\u00e9rales de ce site web sont indiqu\u00e9es ci-dessous et &#8230; <a title=\"MENTIONS L\u00c9GALES \/ CONDITIONS D\u2019UTILISATION\" class=\"read-more\" href=\"https:\/\/trufalia.es\/fr\/mentions-legales-conditions-dutilisation\/\" aria-label=\"En savoir plus sur MENTIONS L\u00c9GALES \/ CONDITIONS D\u2019UTILISATION\">Lire la suite<\/a><\/p>\n","protected":false},"author":26,"featured_media":0,"parent":0,"menu_order":0,"comment_status":"closed","ping_status":"closed","template":"","meta":{"footnotes":""},"yoast_head":"<!-- This site is optimized with the Yoast SEO plugin v21.9.1 - https:\/\/yoast.com\/wordpress\/plugins\/seo\/ -->\n<title>MENTIONS L\u00c9GALES \/ CONDITIONS D\u2019UTILISATION - Trufalia<\/title>\n<meta name=\"robots\" content=\"noindex, follow\" \/>\n<meta property=\"og:locale\" content=\"fr_FR\" \/>\n<meta property=\"og:type\" content=\"article\" \/>\n<meta property=\"og:title\" content=\"MENTIONS L\u00c9GALES \/ CONDITIONS D\u2019UTILISATION - Trufalia\" \/>\n<meta property=\"og:description\" content=\"MENTIONS L\u00c9GALES \/ CONDITIONS D\u2019UTILISATION Bienvenue sur le site http:\/\/trufalia.es propri\u00e9t\u00e9 de TRUFALIA S.L. au CIF\u00a0: :\u00a0B44265841 dor\u00e9navant (LA SOCI\u00c9T\u00c9) afin de respecter les dispositions de la loi 34\/2002, du 11 juillet, sur les services de la soci\u00e9t\u00e9 de l&rsquo;information et le commerce \u00e9lectronique, les informations g\u00e9n\u00e9rales de ce site web sont indiqu\u00e9es ci-dessous et ... Lire la suite\" \/>\n<meta property=\"og:url\" content=\"https:\/\/trufalia.es\/politica-de-privacidad\/\" \/>\n<meta property=\"og:site_name\" content=\"Trufalia\" \/>\n<meta property=\"article:modified_time\" content=\"2020-12-07T17:38:04+00:00\" \/>\n<meta name=\"twitter:card\" content=\"summary_large_image\" \/>\n<meta name=\"twitter:label1\" content=\"Dur\u00e9e de lecture estim\u00e9e\" \/>\n\t<meta name=\"twitter:data1\" content=\"8 minutes\" \/>\n<script type=\"application\/ld+json\" class=\"yoast-schema-graph\">{\"@context\":\"https:\/\/schema.org\",\"@graph\":[{\"@type\":\"WebPage\",\"@id\":\"https:\/\/trufalia.es\/politica-de-privacidad\/\",\"url\":\"https:\/\/trufalia.es\/politica-de-privacidad\/\",\"name\":\"MENTIONS L\u00c9GALES \/ CONDITIONS D\u2019UTILISATION - Trufalia\",\"isPartOf\":{\"@id\":\"https:\/\/trufalia.es\/#website\"},\"datePublished\":\"2020-11-30T16:34:18+00:00\",\"dateModified\":\"2020-12-07T17:38:04+00:00\",\"breadcrumb\":{\"@id\":\"https:\/\/trufalia.es\/politica-de-privacidad\/#breadcrumb\"},\"inLanguage\":\"fr-FR\",\"potentialAction\":[{\"@type\":\"ReadAction\",\"target\":[\"https:\/\/trufalia.es\/politica-de-privacidad\/\"]}]},{\"@type\":\"BreadcrumbList\",\"@id\":\"https:\/\/trufalia.es\/politica-de-privacidad\/#breadcrumb\",\"itemListElement\":[{\"@type\":\"ListItem\",\"position\":1,\"name\":\"Portada\",\"item\":\"https:\/\/trufalia.es\/fr\/\"},{\"@type\":\"ListItem\",\"position\":2,\"name\":\"MENTIONS L\u00c9GALES \/ CONDITIONS D\u2019UTILISATION\"}]},{\"@type\":\"WebSite\",\"@id\":\"https:\/\/trufalia.es\/#website\",\"url\":\"https:\/\/trufalia.es\/\",\"name\":\"Trufalia\",\"description\":\"Trufa negra fresca\",\"potentialAction\":[{\"@type\":\"SearchAction\",\"target\":{\"@type\":\"EntryPoint\",\"urlTemplate\":\"https:\/\/trufalia.es\/?s={search_term_string}\"},\"query-input\":\"required name=search_term_string\"}],\"inLanguage\":\"fr-FR\"}]}<\/script>\n<!-- \/ Yoast SEO plugin. -->","yoast_head_json":{"title":"MENTIONS L\u00c9GALES \/ CONDITIONS D\u2019UTILISATION - Trufalia","robots":{"index":"noindex","follow":"follow"},"og_locale":"fr_FR","og_type":"article","og_title":"MENTIONS L\u00c9GALES \/ CONDITIONS D\u2019UTILISATION - Trufalia","og_description":"MENTIONS L\u00c9GALES \/ CONDITIONS D\u2019UTILISATION Bienvenue sur le site http:\/\/trufalia.es propri\u00e9t\u00e9 de TRUFALIA S.L. au CIF\u00a0: :\u00a0B44265841 dor\u00e9navant (LA SOCI\u00c9T\u00c9) afin de respecter les dispositions de la loi 34\/2002, du 11 juillet, sur les services de la soci\u00e9t\u00e9 de l&rsquo;information et le commerce \u00e9lectronique, les informations g\u00e9n\u00e9rales de ce site web sont indiqu\u00e9es ci-dessous et ... Lire la suite","og_url":"https:\/\/trufalia.es\/politica-de-privacidad\/","og_site_name":"Trufalia","article_modified_time":"2020-12-07T17:38:04+00:00","twitter_card":"summary_large_image","twitter_misc":{"Dur\u00e9e de lecture estim\u00e9e":"8 minutes"},"schema":{"@context":"https:\/\/schema.org","@graph":[{"@type":"WebPage","@id":"https:\/\/trufalia.es\/politica-de-privacidad\/","url":"https:\/\/trufalia.es\/politica-de-privacidad\/","name":"MENTIONS L\u00c9GALES \/ CONDITIONS D\u2019UTILISATION - Trufalia","isPartOf":{"@id":"https:\/\/trufalia.es\/#website"},"datePublished":"2020-11-30T16:34:18+00:00","dateModified":"2020-12-07T17:38:04+00:00","breadcrumb":{"@id":"https:\/\/trufalia.es\/politica-de-privacidad\/#breadcrumb"},"inLanguage":"fr-FR","potentialAction":[{"@type":"ReadAction","target":["https:\/\/trufalia.es\/politica-de-privacidad\/"]}]},{"@type":"BreadcrumbList","@id":"https:\/\/trufalia.es\/politica-de-privacidad\/#breadcrumb","itemListElement":[{"@type":"ListItem","position":1,"name":"Portada","item":"https:\/\/trufalia.es\/fr\/"},{"@type":"ListItem","position":2,"name":"MENTIONS L\u00c9GALES \/ CONDITIONS D\u2019UTILISATION"}]},{"@type":"WebSite","@id":"https:\/\/trufalia.es\/#website","url":"https:\/\/trufalia.es\/","name":"Trufalia","description":"Trufa negra fresca","potentialAction":[{"@type":"SearchAction","target":{"@type":"EntryPoint","urlTemplate":"https:\/\/trufalia.es\/?s={search_term_string}"},"query-input":"required name=search_term_string"}],"inLanguage":"fr-FR"}]}},"_links":{"self":[{"href":"https:\/\/trufalia.es\/fr\/wp-json\/wp\/v2\/pages\/1405"}],"collection":[{"href":"https:\/\/trufalia.es\/fr\/wp-json\/wp\/v2\/pages"}],"about":[{"href":"https:\/\/trufalia.es\/fr\/wp-json\/wp\/v2\/types\/page"}],"author":[{"embeddable":true,"href":"https:\/\/trufalia.es\/fr\/wp-json\/wp\/v2\/users\/26"}],"replies":[{"embeddable":true,"href":"https:\/\/trufalia.es\/fr\/wp-json\/wp\/v2\/comments?post=1405"}],"version-history":[{"count":5,"href":"https:\/\/trufalia.es\/fr\/wp-json\/wp\/v2\/pages\/1405\/revisions"}],"predecessor-version":[{"id":1827,"href":"https:\/\/trufalia.es\/fr\/wp-json\/wp\/v2\/pages\/1405\/revisions\/1827"}],"wp:attachment":[{"href":"https:\/\/trufalia.es\/fr\/wp-json\/wp\/v2\/media?parent=1405"}],"curies":[{"name":"wp","href":"https:\/\/api.w.org\/{rel}","templated":true}]}}