{"id":4240,"date":"2023-12-12T14:08:20","date_gmt":"2023-12-12T14:08:20","guid":{"rendered":"https:\/\/trufalia.es\/avis-legal\/"},"modified":"2023-12-12T14:08:22","modified_gmt":"2023-12-12T14:08:22","slug":"avis-legal","status":"publish","type":"page","link":"https:\/\/trufalia.es\/fr\/avis-legal\/","title":{"rendered":"Avis l\u00e9gal"},"content":{"rendered":"\t\t<div data-elementor-type=\"wp-page\" data-elementor-id=\"4240\" class=\"elementor elementor-4240 elementor-937\" data-elementor-settings=\"{&quot;premium_particles_zindex&quot;:0,&quot;premium_particles_responsive&quot;:[&quot;desktop&quot;,&quot;tablet&quot;,&quot;mobile&quot;]}\" data-elementor-post-type=\"page\">\n\t\t\t\t\t\t<section class=\"elementor-section elementor-top-section elementor-element elementor-element-9dd0988 elementor-section-full_width elementor-section-height-min-height elementor-section-stretched elementor-section-height-default elementor-section-items-middle\" data-id=\"9dd0988\" data-element_type=\"section\" data-settings=\"{&quot;stretch_section&quot;:&quot;section-stretched&quot;,&quot;jet_parallax_layout_list&quot;:[{&quot;jet_parallax_layout_image&quot;:{&quot;url&quot;:&quot;&quot;,&quot;id&quot;:&quot;&quot;,&quot;size&quot;:&quot;&quot;},&quot;_id&quot;:&quot;fe662c3&quot;,&quot;jet_parallax_layout_image_tablet&quot;:{&quot;url&quot;:&quot;&quot;,&quot;id&quot;:&quot;&quot;,&quot;size&quot;:&quot;&quot;},&quot;jet_parallax_layout_image_mobile&quot;:{&quot;url&quot;:&quot;&quot;,&quot;id&quot;:&quot;&quot;,&quot;size&quot;:&quot;&quot;},&quot;jet_parallax_layout_speed&quot;:{&quot;unit&quot;:&quot;%&quot;,&quot;size&quot;:50,&quot;sizes&quot;:[]},&quot;jet_parallax_layout_type&quot;:&quot;scroll&quot;,&quot;jet_parallax_layout_direction&quot;:null,&quot;jet_parallax_layout_fx_direction&quot;:null,&quot;jet_parallax_layout_z_index&quot;:&quot;&quot;,&quot;jet_parallax_layout_bg_x&quot;:50,&quot;jet_parallax_layout_bg_x_tablet&quot;:&quot;&quot;,&quot;jet_parallax_layout_bg_x_mobile&quot;:&quot;&quot;,&quot;jet_parallax_layout_bg_y&quot;:50,&quot;jet_parallax_layout_bg_y_tablet&quot;:&quot;&quot;,&quot;jet_parallax_layout_bg_y_mobile&quot;:&quot;&quot;,&quot;jet_parallax_layout_bg_size&quot;:&quot;auto&quot;,&quot;jet_parallax_layout_bg_size_tablet&quot;:&quot;&quot;,&quot;jet_parallax_layout_bg_size_mobile&quot;:&quot;&quot;,&quot;jet_parallax_layout_animation_prop&quot;:&quot;transform&quot;,&quot;jet_parallax_layout_on&quot;:[&quot;desktop&quot;,&quot;tablet&quot;]}],&quot;background_background&quot;:&quot;classic&quot;,&quot;premium_particles_zindex&quot;:0,&quot;premium_particles_responsive&quot;:[&quot;desktop&quot;,&quot;tablet&quot;,&quot;mobile&quot;]}\">\n\t\t\t\t\t\t<div class=\"elementor-container elementor-column-gap-default\">\n\t\t\t\t\t<div class=\"elementor-column elementor-col-100 elementor-top-column elementor-element elementor-element-6af02c0\" data-id=\"6af02c0\" data-element_type=\"column\" data-settings=\"{&quot;premium_particles_zindex&quot;:0,&quot;premium_particles_responsive&quot;:[&quot;desktop&quot;,&quot;tablet&quot;,&quot;mobile&quot;]}\">\n\t\t\t<div class=\"elementor-widget-wrap\">\n\t\t\t\t\t\t\t<\/div>\n\t\t<\/div>\n\t\t\t\t\t<\/div>\n\t\t<\/section>\n\t\t\t\t<section class=\"elementor-section elementor-top-section elementor-element elementor-element-64e80334 elementor-section-stretched elementor-section-boxed elementor-section-height-default elementor-section-height-default\" data-id=\"64e80334\" data-element_type=\"section\" data-settings=\"{&quot;jet_parallax_layout_list&quot;:[{&quot;jet_parallax_layout_image&quot;:{&quot;url&quot;:&quot;&quot;,&quot;id&quot;:&quot;&quot;,&quot;size&quot;:&quot;&quot;},&quot;_id&quot;:&quot;d6e6891&quot;,&quot;jet_parallax_layout_image_tablet&quot;:{&quot;url&quot;:&quot;&quot;,&quot;id&quot;:&quot;&quot;,&quot;size&quot;:&quot;&quot;},&quot;jet_parallax_layout_image_mobile&quot;:{&quot;url&quot;:&quot;&quot;,&quot;id&quot;:&quot;&quot;,&quot;size&quot;:&quot;&quot;},&quot;jet_parallax_layout_speed&quot;:{&quot;unit&quot;:&quot;%&quot;,&quot;size&quot;:50,&quot;sizes&quot;:[]},&quot;jet_parallax_layout_type&quot;:&quot;scroll&quot;,&quot;jet_parallax_layout_direction&quot;:null,&quot;jet_parallax_layout_fx_direction&quot;:null,&quot;jet_parallax_layout_z_index&quot;:&quot;&quot;,&quot;jet_parallax_layout_bg_x&quot;:50,&quot;jet_parallax_layout_bg_x_tablet&quot;:&quot;&quot;,&quot;jet_parallax_layout_bg_x_mobile&quot;:&quot;&quot;,&quot;jet_parallax_layout_bg_y&quot;:50,&quot;jet_parallax_layout_bg_y_tablet&quot;:&quot;&quot;,&quot;jet_parallax_layout_bg_y_mobile&quot;:&quot;&quot;,&quot;jet_parallax_layout_bg_size&quot;:&quot;auto&quot;,&quot;jet_parallax_layout_bg_size_tablet&quot;:&quot;&quot;,&quot;jet_parallax_layout_bg_size_mobile&quot;:&quot;&quot;,&quot;jet_parallax_layout_animation_prop&quot;:&quot;transform&quot;,&quot;jet_parallax_layout_on&quot;:[&quot;desktop&quot;,&quot;tablet&quot;]}],&quot;stretch_section&quot;:&quot;section-stretched&quot;,&quot;background_background&quot;:&quot;classic&quot;,&quot;premium_particles_zindex&quot;:0,&quot;premium_particles_responsive&quot;:[&quot;desktop&quot;,&quot;tablet&quot;,&quot;mobile&quot;]}\">\n\t\t\t\t\t\t<div class=\"elementor-container elementor-column-gap-default\">\n\t\t\t\t\t<div class=\"elementor-column elementor-col-100 elementor-top-column elementor-element elementor-element-9a72532\" data-id=\"9a72532\" data-element_type=\"column\" data-settings=\"{&quot;premium_particles_zindex&quot;:0,&quot;premium_particles_responsive&quot;:[&quot;desktop&quot;,&quot;tablet&quot;,&quot;mobile&quot;]}\">\n\t\t\t<div class=\"elementor-widget-wrap elementor-element-populated\">\n\t\t\t\t\t\t<div class=\"elementor-element elementor-element-f906a1d elementor-widget elementor-widget-heading\" data-id=\"f906a1d\" data-element_type=\"widget\" data-widget_type=\"heading.default\">\n\t\t\t\t<div class=\"elementor-widget-container\">\n\t\t\t<h2 class=\"elementor-heading-title elementor-size-default\">Avis l\u00e9gal<\/h2>\t\t<\/div>\n\t\t\t\t<\/div>\n\t\t\t\t<div class=\"elementor-element elementor-element-695359d4 elementor-widget elementor-widget-text-editor\" data-id=\"695359d4\" data-element_type=\"widget\" data-widget_type=\"text-editor.default\">\n\t\t\t\t<div class=\"elementor-widget-container\">\n\t\t\t\t\t\t\t<p>Bienvenue sur le site http:\/\/trufalia.es propri\u00e9t\u00e9 de TRUFALIA S.L. avec CIF <em>:<\/em> B44265841 ci-apr\u00e8s (LA SOCI\u00c9T\u00c9) afin de se conformer aux dispositions de la loi 34\/2002, du 11 juillet, sur les services de la soci\u00e9t\u00e9 de l&rsquo;information et le commerce \u00e9lectronique, les informations g\u00e9n\u00e9rales de ce site Web sont pr\u00e9sent\u00e9es ci-dessous et le compte e-mail admin@trufalia.es est \u00e9tabli comme principal moyen de communication. Les donn\u00e9es \u00e9tant compl\u00e8tes :<\/p>\n<p><strong>TRUFALIA S.L.<\/strong><\/p>\n<p><strong>C\/ Aragon 9 1\u00ba Iz <\/strong><\/p>\n<p><strong>44460 Sarri\u00f3n, (Teruel)<\/strong><\/p>\n<p><strong>B44265841<\/strong><\/p>\n<h4>Conditions d&rsquo;utilisation<\/h4>\n<p>Les conditions \u00e9nonc\u00e9es ci-dessus sont sujettes \u00e0 des changements et \u00e0 des mises \u00e0 jour et, par cons\u00e9quent, la version publi\u00e9e par LA COMPAGNIE peut \u00eatre diff\u00e9rente chaque fois que l&rsquo;Utilisateur acc\u00e8de au Site Internet. Par cons\u00e9quent, l&rsquo;utilisateur doit lire et accepter de comprendre les mentions l\u00e9gales sur toutes les pages qu&rsquo;il visite sur le site, et peut exercer ses droits en contactant le compte e-mail indiqu\u00e9 ci-dessus en cas d&rsquo;incompr\u00e9hension ou d&rsquo;opposition. Il est entendu que si vous n&rsquo;exercez pas ces droits, vous comprenez et acceptez EXPLICITEMENT ET INEQUIVOQUEMENT les termes et conditions de ce site web.<\/p>\n<p>Si l&rsquo;utilisateur n&rsquo;est pas d&rsquo;accord avec les clauses et les conditions d&rsquo;utilisation du pr\u00e9sent avis juridique, il doit s&rsquo;abstenir d&rsquo;utiliser le site.<\/p>\n<p>Les pr\u00e9sentes conditions r\u00e9gissent l&rsquo;utilisation du site web o\u00f9 le public re\u00e7oit des informations relatives aux services de LA SOCI\u00c9T\u00c9. Veuillez lire attentivement les informations fournies. En acc\u00e9dant \u00e0 ce site web et en utilisant le mat\u00e9riel qu&rsquo;il contient, vous signifiez que vous avez lu et accept\u00e9, sans r\u00e9serve, les pr\u00e9sentes conditions g\u00e9n\u00e9rales. Ce site web contient du contenu web, par exemple Produits\/services, que ce soit les n\u00f4tres ou ceux de tiers, \u00e0 des fins commerciales, vous informe que le contenu du site peut \u00eatre modifi\u00e9, d\u00e9velopp\u00e9 ou mis \u00e0 jour \u00e0 tout moment sans notification pr\u00e9alable.<\/p>\n<p>La simple utilisation du site Web vous conf\u00e8re le statut d&rsquo;utilisateur de celui-ci, que vous soyez une personne physique ou morale, et implique obligatoirement l&rsquo;acceptation pleine, enti\u00e8re et sans r\u00e9serve de toutes et chacune des clauses et conditions g\u00e9n\u00e9rales incluses dans l&rsquo;avis juridique.<\/p>\n<p>En cons\u00e9quence, nous vous informons que l&rsquo;utilisateur ne peut pas :<\/p>\n<ul>\n<li>Supprimer, manipuler ou alt\u00e9rer de quelque mani\u00e8re que ce soit les droits d&rsquo;auteur et autres donn\u00e9es identifiant la r\u00e9serve de droits des propri\u00e9taires, les empreintes digitales et\/ou les identificateurs num\u00e9riques, ou tout autre moyen technique mis en place pour leur reconnaissance.<\/li>\n<li>Reproduire, copier, distribuer, rendre disponible ou de toute autre mani\u00e8re communiquer publiquement, transformer ou modifier le contenu, \u00e0 moins qu&rsquo;une autorisation \u00e9crite explicite n&rsquo;ait \u00e9t\u00e9 accord\u00e9e par LA COMPAGNIE, qui est le propri\u00e9taire des droits correspondants, ou \u00e0 moins que cela ne soit l\u00e9galement autoris\u00e9.<\/li>\n<\/ul>\n<h4><strong>Droits<\/strong> de propri\u00e9t\u00e9 intellectuelle et industrielle<\/h4>\n<p>L&rsquo;ensemble du contenu de ce site web, y compris, mais sans s&rsquo;y limiter, les textes, les images, les fichiers, les photographies, les logos, les graphiques, les marques, les ic\u00f4nes, les combinaisons de couleurs ou tout autre \u00e9l\u00e9ment, sa structure et sa conception, la s\u00e9lection et la pr\u00e9sentation du mat\u00e9riel qu&rsquo;il contient, ainsi que les logiciels, les liens et autres contenus audiovisuels ou sonores, de m\u00eame que la conception graphique et les codes sources n\u00e9cessaires \u00e0 son fonctionnement, \u00e0 son acc\u00e8s et \u00e0 son utilisation, sont prot\u00e9g\u00e9s par des droits de propri\u00e9t\u00e9 industrielle et intellectuelle appartenant \u00e0 des tiers, les liens et autres contenus audiovisuels ou sonores, ainsi que leur conception graphique et les codes sources n\u00e9cessaires \u00e0 leur fonctionnement, leur acc\u00e8s et leur utilisation, sont prot\u00e9g\u00e9s par des droits de propri\u00e9t\u00e9 industrielle et intellectuelle appartenant \u00e0 des tiers, et les droits d&rsquo;exploitation sur ces derniers ne peuvent \u00eatre consid\u00e9r\u00e9s comme ayant \u00e9t\u00e9 conc\u00e9d\u00e9s au-del\u00e0 de ce qui est strictement n\u00e9cessaire \u00e0 l&rsquo;utilisation correcte du site web.<\/p>\n<p>Il est interdit de d\u00e9compiler, d\u00e9sassembler, faire de l&rsquo;ing\u00e9nierie inverse, conc\u00e9der des sous-licences ou transmettre de quelque mani\u00e8re que ce soit, traduire ou cr\u00e9er des \u0153uvres d\u00e9riv\u00e9es des programmes informatiques n\u00e9cessaires au fonctionnement, \u00e0 l&rsquo;acc\u00e8s et \u00e0 l&rsquo;utilisation de ce site web et des services qu&rsquo;il contient. L&rsquo;utilisateur du site web doit s&rsquo;abstenir dans tous les cas d&rsquo;effacer, d&rsquo;alt\u00e9rer, d&rsquo;\u00e9luder ou de manipuler les dispositifs de protection ou les syst\u00e8mes de s\u00e9curit\u00e9 qui peuvent \u00eatre install\u00e9s sur le site web.<\/p>\n<p>Les marques, noms commerciaux ou signes distinctifs sont la propri\u00e9t\u00e9 de LA SOCIETE ou de tiers, et il ne peut \u00eatre interpr\u00e9t\u00e9 que l&rsquo;acc\u00e8s au site web conf\u00e8re des droits sur les marques, noms commerciaux et\/ou signes distinctifs susmentionn\u00e9s.<strong> <\/strong><\/p>\n<h3><strong>Liens<\/strong><\/h3>\n<p>Les liens contenus dans ce site peuvent conduire l&rsquo;utilisateur \u00e0 d&rsquo;autres sites et pages web g\u00e9r\u00e9s par des tiers, sur lesquels elle n&rsquo;a aucun contr\u00f4le, n&rsquo;est pas responsable du contenu ou de l&rsquo;\u00e9tat de ces sites et pages web, et l&rsquo;acc\u00e8s \u00e0 ceux-ci par l&rsquo;interm\u00e9diaire de ce site n&rsquo;implique pas qu&rsquo;elle recommande ou approuve leur contenu.<\/p>\n<h4><strong>Hyperliens<\/strong><\/h4>\n<p>Les personnes qui souhaitent \u00e9tablir des liens hypertextes entre leur site web et ce portail doivent respecter les conditions suivantes :<\/p>\n<p>\u2013 Aucune autorisation pr\u00e9alable n&rsquo;est requise si l&rsquo;hyperlien permet uniquement d&rsquo;acc\u00e9der \u00e0 la page d&rsquo;accueil, mais ne peut la reproduire sous quelque forme que ce soit. Toute autre forme de lien hypertexte n\u00e9cessite l&rsquo;autorisation \u00e9crite expresse et sans \u00e9quivoque de LA COMPAGNIE.<\/p>\n<p>\u2013 Aucune d\u00e9claration fausse ou offensante ne sera faite au sujet de LA COMPAGNIE, de son personnel ou de tiers en rapport avec ce Site ou le Contenu fourni.<\/p>\n<p>\u2013 En aucun cas il ne sera mentionn\u00e9 ou sous-entendu qu&rsquo;il a supervis\u00e9 ou autoris\u00e9 l&rsquo;hyperlien mis \u00e0 disposition sur le site web vers lequel l&rsquo;hyperlien redirige. Il ne peut contenir que ce qui est strictement n\u00e9cessaire pour identifier la destination de l&rsquo;hyperlien.<\/p>\n<p>\u2013 Le site web sur lequel l&rsquo;hyperlien est \u00e9tabli ne doit pas contenir d&rsquo;informations ou de contenus illicites, contraires \u00e0 l&rsquo;\u00e9thique, \u00e0 la morale et \u00e0 l&rsquo;ordre public, ni de contenus contraires aux droits des tiers.<\/p>\n<p>\u2013 Si l&rsquo;utilisateur consid\u00e8re qu&rsquo;il existe un site li\u00e9 qui renvoie \u00e0 des sites Web dont le contenu est illicite, pr\u00e9judiciable, d\u00e9nigrant ou violent, il est tenu de le notifier \u00e0 ou via le compte e-mail admin@trufalia.es ou par les voies l\u00e9gales. Les liens hypertextes n&rsquo;impliquent pas qu&rsquo;il existe une quelconque relation entre les deux sites, ni qu&rsquo;une quelconque autorisation d&rsquo;utilisation ait \u00e9t\u00e9 donn\u00e9e a priori, de sorte que la responsabilit\u00e9 finale incombe au destinataire du contenu de ce site web.<\/p>\n<h3>Modifications<\/h3>\n<p>Afin d&rsquo;am\u00e9liorer le site, elle se r\u00e9serve le droit, \u00e0 tout moment et sans pr\u00e9avis, de modifier unilat\u00e9ralement, d&rsquo;\u00e9tendre ou de suspendre temporairement la pr\u00e9sentation, la configuration, les sp\u00e9cifications techniques et les services du site. Elle se r\u00e9serve \u00e9galement le droit de modifier \u00e0 tout moment les pr\u00e9sentes conditions d&rsquo;utilisation et autres conditions particuli\u00e8res.<\/p>\n<h3>Exclusion de la responsabilit\u00e9<\/h3>\n<p>Toute personne utilisant ce site web le fait \u00e0 ses propres risques. LA COMPAGNIE, ses partenaires, collaborateurs, employ\u00e9s et repr\u00e9sentants ne sont pas responsables des erreurs ou omissions dans le contenu de ce site web ou d&rsquo;autres contenus auxquels il est possible d&rsquo;acc\u00e9der par son interm\u00e9diaire. TRUFALIA S.L., ses associ\u00e9s, collaborateurs, employ\u00e9s et repr\u00e9sentants ne peuvent \u00eatre tenus pour responsables des dommages r\u00e9sultant de l&rsquo;utilisation de ce site web, ni des actions entreprises sur la base des informations qui y sont fournies.<\/p>\n<p>Les informations contenues dans ce site sont fournies sans garantie d&rsquo;aucune sorte, explicite ou implicite, et peuvent \u00eatre modifi\u00e9es ou mises \u00e0 jour sans pr\u00e9avis. Elles ne garantissent pas l&rsquo;absence de virus, de vers ou d&rsquo;autres \u00e9l\u00e9ments informatiques nuisibles susceptibles d&rsquo;endommager ou d&rsquo;alt\u00e9rer le syst\u00e8me informatique, les documents \u00e9lectroniques ou les fichiers de l&rsquo;utilisateur de ce site. Par cons\u00e9quent, elle ne sera pas responsable des dommages que ces \u00e9l\u00e9ments pourraient causer \u00e0 l&rsquo;utilisateur ou \u00e0 des tiers. De m\u00eame, elle n&rsquo;est pas responsable et ne garantit pas la disponibilit\u00e9 et la continuit\u00e9 de l&rsquo;acc\u00e8s \u00e0 ce site web ni l&rsquo;absence d&rsquo;erreurs, et l&rsquo;utilisateur du site web est, en tout \u00e9tat de cause, tenu de disposer d&rsquo;outils ad\u00e9quats pour la d\u00e9tection et la d\u00e9sinfection des programmes informatiques nuisibles ou dommageables.<\/p>\n<p>L&rsquo;utilisateur est responsable des dommages de toute nature qu&rsquo;il pourrait subir du fait d&rsquo;un manquement \u00e0 l&rsquo;une des obligations auxquelles il est soumis en vertu des pr\u00e9sentes conditions. L&rsquo;utilisateur est conscient et accepte volontairement que l&rsquo;utilisation de tout contenu de ce site web, dans tous les cas, se fait sous sa seule et unique responsabilit\u00e9.<\/p>\n<table>\n<tbody>\n<tr>\n<td width=\"695\">\n<p><strong><u>Proc\u00e9dures pour les domaines .es, .com et .eu<\/u><\/strong><\/p>\n<p><strong>R\u00e8gles relatives \u00e0 la proc\u00e9dure de r\u00e8glement extrajudiciaire des litiges pour les noms de domaine sous le code de pays de l&rsquo;Espagne (ES)<\/strong><\/p>\n<p><a href=\"https:\/\/www.dondominio.com\/legal\/27\/reglamento-del-procedimiento-de-resolucion-extrajudicial-de-conflictos-para-nombres-de-dominio-bajo-el-codigo-de-pais-correspondiente-a-espana-es\">https:\/\/www.dondominio.com\/legal\/27\/reglamento-del-procedimiento-de-resolucion-extrajudicial-de-conflictos-para-nombres-de-dominio-bajo-el-codigo-de-pais-correspondiente-a-espana-es<\/a><\/p>\n<p><strong>R\u00e8gles d&rsquo;application des principes directeurs r\u00e9gissant le r\u00e8glement uniforme des litiges relatifs aux noms de domaine g\u00e9n\u00e9riques<\/strong><\/p>\n<p><a href=\"https:\/\/www.dondominio.com\/legal\/24\/reglamento-de-la-politica-uniforme-de-solucion-de-controversias-en-materia-de-nombres-de-dominio-genericos\/\">https:\/\/www.dondominio.com\/legal\/24\/reglamento-de-la-politica-uniforme-de-solucion-de-controversias-en-materia-de-nombres-de-dominio-genericos\/<\/a><\/p>\n<p><strong>R\u00e8glement int\u00e9rieur du m\u00e9canisme de r\u00e8glement des litiges relatifs aux noms de domaine .EU<\/strong><\/p>\n<p><a href=\"http:\/\/www.wipo.int\/amc\/es\/domains\/cctld\/eu\/index.html\">http:\/\/www.wipo.int\/amc\/es\/domains\/cctld\/eu\/index.html<\/a><\/p>\n<\/td>\n<\/tr>\n<\/tbody>\n<\/table>\n<h3>Droit applicable et juridiction<\/h3>\n<p>La langue du contrat est l&rsquo;espagnol.<\/p>\n<p>Les pr\u00e9sentes conditions g\u00e9n\u00e9rales seront interpr\u00e9t\u00e9es conform\u00e9ment \u00e0 la l\u00e9gislation en vigueur en Espagne en la mati\u00e8re, qui sera appliqu\u00e9e subsidiairement pour tout ce qui n&rsquo;est pas pr\u00e9vu dans les pr\u00e9sentes (fondamentalement la loi 34\/2002 du 11 juillet 2002 sur les services d&rsquo;information et le commerce \u00e9lectronique).<\/p>\n<p>Les termes, conditions et autres documents sont r\u00e9gis par la loi espagnole.<\/p>\n<p>Le titulaire du site Web et l&rsquo;utilisateur, renon\u00e7ant express\u00e9ment \u00e0 toute autre juridiction qui pourrait leur correspondre (y compris les utilisateurs qui se connectent depuis n&rsquo;importe quel autre pays de la Communaut\u00e9 europ\u00e9enne ainsi que des pays tiers), se soumettent \u00e0 la juridiction des Cours et Tribunaux de Teruel, pour toutes les questions qui peuvent se poser ou les actions qui peuvent \u00eatre intent\u00e9es \u00e0 la suite de la prestation du service du site Web et de ses services et contenus et concernant l&rsquo;interpr\u00e9tation, l&rsquo;application, le respect ou le non-respect de ce qui est \u00e9tabli dans le pr\u00e9sent document.<\/p>\n<p><strong>===========================================================================<\/strong><\/p>\n<p><u> <\/u><\/p>\n\t\t\t\t\t\t<\/div>\n\t\t\t\t<\/div>\n\t\t\t\t\t<\/div>\n\t\t<\/div>\n\t\t\t\t\t<\/div>\n\t\t<\/section>\n\t\t\t\t<\/div>\n\t\t","protected":false},"excerpt":{"rendered":"<p>Avis l\u00e9gal Bienvenue sur le site http:\/\/trufalia.es propri\u00e9t\u00e9 de TRUFALIA S.L. avec CIF : B44265841 ci-apr\u00e8s (LA SOCI\u00c9T\u00c9) afin de se conformer aux dispositions de la loi 34\/2002, du 11 juillet, sur les services de la soci\u00e9t\u00e9 de l&rsquo;information et le commerce \u00e9lectronique, les informations g\u00e9n\u00e9rales de ce site Web sont pr\u00e9sent\u00e9es ci-dessous et le &#8230; <a title=\"Avis l\u00e9gal\" class=\"read-more\" href=\"https:\/\/trufalia.es\/fr\/avis-legal\/\" aria-label=\"En savoir plus sur Avis l\u00e9gal\">Lire la suite<\/a><\/p>\n","protected":false},"author":26,"featured_media":0,"parent":0,"menu_order":0,"comment_status":"closed","ping_status":"closed","template":"","meta":{"footnotes":""},"yoast_head":"<!-- This site is optimized with the Yoast SEO plugin v21.9.1 - https:\/\/yoast.com\/wordpress\/plugins\/seo\/ -->\n<title>Avis l\u00e9gal - Trufalia<\/title>\n<meta name=\"robots\" content=\"noindex, nofollow\" \/>\n<meta property=\"og:locale\" content=\"fr_FR\" \/>\n<meta property=\"og:type\" content=\"article\" \/>\n<meta property=\"og:title\" content=\"Avis l\u00e9gal - Trufalia\" \/>\n<meta property=\"og:description\" content=\"Avis l\u00e9gal Bienvenue sur le site http:\/\/trufalia.es propri\u00e9t\u00e9 de TRUFALIA S.L. avec CIF : B44265841 ci-apr\u00e8s (LA SOCI\u00c9T\u00c9) afin de se conformer aux dispositions de la loi 34\/2002, du 11 juillet, sur les services de la soci\u00e9t\u00e9 de l&rsquo;information et le commerce \u00e9lectronique, les informations g\u00e9n\u00e9rales de ce site Web sont pr\u00e9sent\u00e9es ci-dessous et le ... Lire la suite\" \/>\n<meta property=\"og:url\" content=\"https:\/\/trufalia.es\/fr\/avis-legal\/\" \/>\n<meta property=\"og:site_name\" content=\"Trufalia\" \/>\n<meta property=\"article:modified_time\" content=\"2023-12-12T14:08:22+00:00\" \/>\n<meta name=\"twitter:card\" content=\"summary_large_image\" \/>\n<meta name=\"twitter:label1\" content=\"Dur\u00e9e de lecture estim\u00e9e\" \/>\n\t<meta name=\"twitter:data1\" content=\"9 minutes\" \/>\n<script type=\"application\/ld+json\" class=\"yoast-schema-graph\">{\"@context\":\"https:\/\/schema.org\",\"@graph\":[{\"@type\":\"WebPage\",\"@id\":\"https:\/\/trufalia.es\/fr\/avis-legal\/\",\"url\":\"https:\/\/trufalia.es\/fr\/avis-legal\/\",\"name\":\"Avis l\u00e9gal - Trufalia\",\"isPartOf\":{\"@id\":\"https:\/\/trufalia.es\/#website\"},\"datePublished\":\"2023-12-12T14:08:20+00:00\",\"dateModified\":\"2023-12-12T14:08:22+00:00\",\"breadcrumb\":{\"@id\":\"https:\/\/trufalia.es\/fr\/avis-legal\/#breadcrumb\"},\"inLanguage\":\"fr-FR\",\"potentialAction\":[{\"@type\":\"ReadAction\",\"target\":[\"https:\/\/trufalia.es\/fr\/avis-legal\/\"]}]},{\"@type\":\"BreadcrumbList\",\"@id\":\"https:\/\/trufalia.es\/fr\/avis-legal\/#breadcrumb\",\"itemListElement\":[{\"@type\":\"ListItem\",\"position\":1,\"name\":\"Portada\",\"item\":\"https:\/\/trufalia.es\/fr\/\"},{\"@type\":\"ListItem\",\"position\":2,\"name\":\"Avis l\u00e9gal\"}]},{\"@type\":\"WebSite\",\"@id\":\"https:\/\/trufalia.es\/#website\",\"url\":\"https:\/\/trufalia.es\/\",\"name\":\"Trufalia\",\"description\":\"Trufa negra fresca\",\"potentialAction\":[{\"@type\":\"SearchAction\",\"target\":{\"@type\":\"EntryPoint\",\"urlTemplate\":\"https:\/\/trufalia.es\/?s={search_term_string}\"},\"query-input\":\"required name=search_term_string\"}],\"inLanguage\":\"fr-FR\"}]}<\/script>\n<!-- \/ Yoast SEO plugin. -->","yoast_head_json":{"title":"Avis l\u00e9gal - Trufalia","robots":{"index":"noindex","follow":"nofollow"},"og_locale":"fr_FR","og_type":"article","og_title":"Avis l\u00e9gal - Trufalia","og_description":"Avis l\u00e9gal Bienvenue sur le site http:\/\/trufalia.es propri\u00e9t\u00e9 de TRUFALIA S.L. avec CIF : B44265841 ci-apr\u00e8s (LA SOCI\u00c9T\u00c9) afin de se conformer aux dispositions de la loi 34\/2002, du 11 juillet, sur les services de la soci\u00e9t\u00e9 de l&rsquo;information et le commerce \u00e9lectronique, les informations g\u00e9n\u00e9rales de ce site Web sont pr\u00e9sent\u00e9es ci-dessous et le ... Lire la suite","og_url":"https:\/\/trufalia.es\/fr\/avis-legal\/","og_site_name":"Trufalia","article_modified_time":"2023-12-12T14:08:22+00:00","twitter_card":"summary_large_image","twitter_misc":{"Dur\u00e9e de lecture estim\u00e9e":"9 minutes"},"schema":{"@context":"https:\/\/schema.org","@graph":[{"@type":"WebPage","@id":"https:\/\/trufalia.es\/fr\/avis-legal\/","url":"https:\/\/trufalia.es\/fr\/avis-legal\/","name":"Avis l\u00e9gal - Trufalia","isPartOf":{"@id":"https:\/\/trufalia.es\/#website"},"datePublished":"2023-12-12T14:08:20+00:00","dateModified":"2023-12-12T14:08:22+00:00","breadcrumb":{"@id":"https:\/\/trufalia.es\/fr\/avis-legal\/#breadcrumb"},"inLanguage":"fr-FR","potentialAction":[{"@type":"ReadAction","target":["https:\/\/trufalia.es\/fr\/avis-legal\/"]}]},{"@type":"BreadcrumbList","@id":"https:\/\/trufalia.es\/fr\/avis-legal\/#breadcrumb","itemListElement":[{"@type":"ListItem","position":1,"name":"Portada","item":"https:\/\/trufalia.es\/fr\/"},{"@type":"ListItem","position":2,"name":"Avis l\u00e9gal"}]},{"@type":"WebSite","@id":"https:\/\/trufalia.es\/#website","url":"https:\/\/trufalia.es\/","name":"Trufalia","description":"Trufa negra fresca","potentialAction":[{"@type":"SearchAction","target":{"@type":"EntryPoint","urlTemplate":"https:\/\/trufalia.es\/?s={search_term_string}"},"query-input":"required name=search_term_string"}],"inLanguage":"fr-FR"}]}},"_links":{"self":[{"href":"https:\/\/trufalia.es\/fr\/wp-json\/wp\/v2\/pages\/4240"}],"collection":[{"href":"https:\/\/trufalia.es\/fr\/wp-json\/wp\/v2\/pages"}],"about":[{"href":"https:\/\/trufalia.es\/fr\/wp-json\/wp\/v2\/types\/page"}],"author":[{"embeddable":true,"href":"https:\/\/trufalia.es\/fr\/wp-json\/wp\/v2\/users\/26"}],"replies":[{"embeddable":true,"href":"https:\/\/trufalia.es\/fr\/wp-json\/wp\/v2\/comments?post=4240"}],"version-history":[{"count":1,"href":"https:\/\/trufalia.es\/fr\/wp-json\/wp\/v2\/pages\/4240\/revisions"}],"predecessor-version":[{"id":4241,"href":"https:\/\/trufalia.es\/fr\/wp-json\/wp\/v2\/pages\/4240\/revisions\/4241"}],"wp:attachment":[{"href":"https:\/\/trufalia.es\/fr\/wp-json\/wp\/v2\/media?parent=4240"}],"curies":[{"name":"wp","href":"https:\/\/api.w.org\/{rel}","templated":true}]}}