{"id":2193,"date":"2023-01-19T12:30:22","date_gmt":"2023-01-19T12:30:22","guid":{"rendered":"https:\/\/trufalia.es\/?post_type=product&#038;p=2193"},"modified":"2025-12-17T11:34:27","modified_gmt":"2025-12-17T11:34:27","slug":"trufa-negra-entera","status":"publish","type":"product","link":"https:\/\/trufalia.es\/fr\/producto\/trufa-negra-entera\/","title":{"rendered":"Trufa negra entera"},"content":{"rendered":"<p><strong>Sin stock en este momento.<\/strong><\/p>\n<p>Peso Neto: 30g \/ Peso Escurrido: 20g<br \/>\nOrigen: Espa\u00f1a<\/p>\n<p>Ingredientes: <em>Tuber melanosporum<\/em>, jugo de <em>Tuber melanosporum<\/em> y sal.<\/p>\n<p>Informaci\u00f3n Nutricional (100g):<br \/>\n-Valor energ\u00e9tico: 393kJ\/93kcal<br \/>\n-Grasas (1,9g) de las cuales: \u00e1c. grasos saturados (0,7g,)<br \/>\n-Hidratos de carbono (13,7g), de los cuales az\u00facares (&lt;0,5g)<br \/>\n-Prote\u00ednas: 5,3g<br \/>\n-Grasas saturadas: 0,7g<br \/>\n-Sal (0,79g)<\/p>\n<p>*Una vez abierto el envase mantener refrigerado y consumir en 5 d\u00edas.<\/p>\n<p>&nbsp;<\/p>\n","protected":false},"excerpt":{"rendered":"<p>Sin stock en este momento. Peso Neto: 30g \/ Peso Escurrido: 20g Origen: Espa\u00f1a Ingredientes: Tuber melanosporum, jugo de Tuber melanosporum y sal. Informaci\u00f3n Nutricional (100g): -Valor energ\u00e9tico: 393kJ\/93kcal -Grasas (1,9g) de las cuales: \u00e1c. grasos saturados (0,7g,) -Hidratos de carbono (13,7g), de los cuales az\u00facares (&lt;0,5g) -Prote\u00ednas: 5,3g -Grasas saturadas: 0,7g -Sal (0,79g) *Una &#8230; <a title=\"Trufa negra entera\" class=\"read-more\" href=\"https:\/\/trufalia.es\/fr\/producto\/trufa-negra-entera\/\" aria-label=\"En savoir plus sur Trufa negra entera\">Lire la suite<\/a><\/p>\n","protected":false},"featured_media":3547,"template":"","meta":[],"product_cat":[109],"product_tag":[],"yoast_head":"<!-- This site is optimized with the Yoast SEO plugin v21.9.1 - https:\/\/yoast.com\/wordpress\/plugins\/seo\/ -->\n<title>Trufa negra entera - Trufalia<\/title>\n<meta name=\"robots\" content=\"noindex, nofollow\" \/>\n<meta property=\"og:locale\" content=\"fr_FR\" \/>\n<meta property=\"og:type\" content=\"article\" \/>\n<meta property=\"og:title\" content=\"Trufa negra entera - Trufalia\" \/>\n<meta property=\"og:description\" content=\"Sin stock en este momento. Peso Neto: 30g \/ Peso Escurrido: 20g Origen: Espa\u00f1a Ingredientes: Tuber melanosporum, jugo de Tuber melanosporum y sal. Informaci\u00f3n Nutricional (100g): -Valor energ\u00e9tico: 393kJ\/93kcal -Grasas (1,9g) de las cuales: \u00e1c. grasos saturados (0,7g,) -Hidratos de carbono (13,7g), de los cuales az\u00facares (&lt;0,5g) -Prote\u00ednas: 5,3g -Grasas saturadas: 0,7g -Sal (0,79g) *Una ... Lire la suite\" \/>\n<meta property=\"og:url\" content=\"https:\/\/trufalia.es\/producto\/trufa-negra-entera\/\" \/>\n<meta property=\"og:site_name\" content=\"Trufalia\" \/>\n<meta property=\"article:modified_time\" content=\"2025-12-17T11:34:27+00:00\" \/>\n<meta property=\"og:image\" content=\"https:\/\/trufalia.es\/wp-content\/uploads\/2023\/02\/trufa-entera-conserva-v4.jpg\" \/>\n\t<meta property=\"og:image:width\" content=\"1200\" \/>\n\t<meta property=\"og:image:height\" content=\"784\" \/>\n\t<meta property=\"og:image:type\" content=\"image\/jpeg\" \/>\n<meta name=\"twitter:card\" content=\"summary_large_image\" \/>\n<meta name=\"twitter:label1\" content=\"Dur\u00e9e de lecture estim\u00e9e\" \/>\n\t<meta name=\"twitter:data1\" content=\"1 minute\" \/>\n<script type=\"application\/ld+json\" class=\"yoast-schema-graph\">{\"@context\":\"https:\/\/schema.org\",\"@graph\":[{\"@type\":\"WebPage\",\"@id\":\"https:\/\/trufalia.es\/producto\/trufa-negra-entera\/\",\"url\":\"https:\/\/trufalia.es\/producto\/trufa-negra-entera\/\",\"name\":\"Trufa negra entera - Trufalia\",\"isPartOf\":{\"@id\":\"https:\/\/trufalia.es\/#website\"},\"datePublished\":\"2023-01-19T12:30:22+00:00\",\"dateModified\":\"2025-12-17T11:34:27+00:00\",\"breadcrumb\":{\"@id\":\"https:\/\/trufalia.es\/producto\/trufa-negra-entera\/#breadcrumb\"},\"inLanguage\":\"fr-FR\",\"potentialAction\":[{\"@type\":\"ReadAction\",\"target\":[\"https:\/\/trufalia.es\/producto\/trufa-negra-entera\/\"]}]},{\"@type\":\"BreadcrumbList\",\"@id\":\"https:\/\/trufalia.es\/producto\/trufa-negra-entera\/#breadcrumb\",\"itemListElement\":[{\"@type\":\"ListItem\",\"position\":1,\"name\":\"Portada\",\"item\":\"https:\/\/trufalia.es\/fr\/\"},{\"@type\":\"ListItem\",\"position\":2,\"name\":\"Tienda\",\"item\":\"https:\/\/trufalia.es\/tienda\/\"},{\"@type\":\"ListItem\",\"position\":3,\"name\":\"Trufa negra entera\"}]},{\"@type\":\"WebSite\",\"@id\":\"https:\/\/trufalia.es\/#website\",\"url\":\"https:\/\/trufalia.es\/\",\"name\":\"Trufalia\",\"description\":\"Trufa negra fresca\",\"potentialAction\":[{\"@type\":\"SearchAction\",\"target\":{\"@type\":\"EntryPoint\",\"urlTemplate\":\"https:\/\/trufalia.es\/?s={search_term_string}\"},\"query-input\":\"required name=search_term_string\"}],\"inLanguage\":\"fr-FR\"}]}<\/script>\n<!-- \/ Yoast SEO plugin. -->","yoast_head_json":{"title":"Trufa negra entera - Trufalia","robots":{"index":"noindex","follow":"nofollow"},"og_locale":"fr_FR","og_type":"article","og_title":"Trufa negra entera - Trufalia","og_description":"Sin stock en este momento. Peso Neto: 30g \/ Peso Escurrido: 20g Origen: Espa\u00f1a Ingredientes: Tuber melanosporum, jugo de Tuber melanosporum y sal. Informaci\u00f3n Nutricional (100g): -Valor energ\u00e9tico: 393kJ\/93kcal -Grasas (1,9g) de las cuales: \u00e1c. grasos saturados (0,7g,) -Hidratos de carbono (13,7g), de los cuales az\u00facares (&lt;0,5g) -Prote\u00ednas: 5,3g -Grasas saturadas: 0,7g -Sal (0,79g) *Una ... Lire la suite","og_url":"https:\/\/trufalia.es\/producto\/trufa-negra-entera\/","og_site_name":"Trufalia","article_modified_time":"2025-12-17T11:34:27+00:00","og_image":[{"width":1200,"height":784,"url":"https:\/\/trufalia.es\/wp-content\/uploads\/2023\/02\/trufa-entera-conserva-v4.jpg","type":"image\/jpeg"}],"twitter_card":"summary_large_image","twitter_misc":{"Dur\u00e9e de lecture estim\u00e9e":"1 minute"},"schema":{"@context":"https:\/\/schema.org","@graph":[{"@type":"WebPage","@id":"https:\/\/trufalia.es\/producto\/trufa-negra-entera\/","url":"https:\/\/trufalia.es\/producto\/trufa-negra-entera\/","name":"Trufa negra entera - Trufalia","isPartOf":{"@id":"https:\/\/trufalia.es\/#website"},"datePublished":"2023-01-19T12:30:22+00:00","dateModified":"2025-12-17T11:34:27+00:00","breadcrumb":{"@id":"https:\/\/trufalia.es\/producto\/trufa-negra-entera\/#breadcrumb"},"inLanguage":"fr-FR","potentialAction":[{"@type":"ReadAction","target":["https:\/\/trufalia.es\/producto\/trufa-negra-entera\/"]}]},{"@type":"BreadcrumbList","@id":"https:\/\/trufalia.es\/producto\/trufa-negra-entera\/#breadcrumb","itemListElement":[{"@type":"ListItem","position":1,"name":"Portada","item":"https:\/\/trufalia.es\/fr\/"},{"@type":"ListItem","position":2,"name":"Tienda","item":"https:\/\/trufalia.es\/tienda\/"},{"@type":"ListItem","position":3,"name":"Trufa negra entera"}]},{"@type":"WebSite","@id":"https:\/\/trufalia.es\/#website","url":"https:\/\/trufalia.es\/","name":"Trufalia","description":"Trufa negra fresca","potentialAction":[{"@type":"SearchAction","target":{"@type":"EntryPoint","urlTemplate":"https:\/\/trufalia.es\/?s={search_term_string}"},"query-input":"required name=search_term_string"}],"inLanguage":"fr-FR"}]}},"_links":{"self":[{"href":"https:\/\/trufalia.es\/fr\/wp-json\/wp\/v2\/product\/2193"}],"collection":[{"href":"https:\/\/trufalia.es\/fr\/wp-json\/wp\/v2\/product"}],"about":[{"href":"https:\/\/trufalia.es\/fr\/wp-json\/wp\/v2\/types\/product"}],"wp:featuredmedia":[{"embeddable":true,"href":"https:\/\/trufalia.es\/fr\/wp-json\/wp\/v2\/media\/3547"}],"wp:attachment":[{"href":"https:\/\/trufalia.es\/fr\/wp-json\/wp\/v2\/media?parent=2193"}],"wp:term":[{"taxonomy":"product_cat","embeddable":true,"href":"https:\/\/trufalia.es\/fr\/wp-json\/wp\/v2\/product_cat?post=2193"},{"taxonomy":"product_tag","embeddable":true,"href":"https:\/\/trufalia.es\/fr\/wp-json\/wp\/v2\/product_tag?post=2193"}],"curies":[{"name":"wp","href":"https:\/\/api.w.org\/{rel}","templated":true}]}}