{"id":2430,"date":"2023-01-20T17:10:02","date_gmt":"2023-01-20T17:10:02","guid":{"rendered":"https:\/\/trufalia.es\/?post_type=product&#038;p=2430"},"modified":"2026-03-31T16:46:04","modified_gmt":"2026-03-31T16:46:04","slug":"carpaccio-trufa","status":"publish","type":"product","link":"https:\/\/trufalia.es\/fr\/producto\/carpaccio-trufa\/","title":{"rendered":"Carpaccio de trufa"},"content":{"rendered":"<p>Peso Neto: 57g \/ Peso Escurrido: 30g<br \/>\nOrigen: Espa\u00f1a<\/p>\n<p>Ingredientes: Tuber melanosporum, jugo de Tuber melanosporum y sal.<\/p>\n<p>Informaci\u00f3n Nutricional (100g):<br \/>\n-Valor energ\u00e9tico: 466kJ\/111kcal<br \/>\n-Grasas totales (3,5g) de las cuales \u00e1c. grasos saturados (0,6g)<br \/>\n-Hidratos de carbono (13,6g) de los cuales az\u00facares (&lt;0,5g)<br \/>\n-Prote\u00ednas (6,2g)<br \/>\n-Sal (NaCl) (0,44g)<\/p>\n<p>*Una vez abierto el envase mantener refrigerado y consumir en 5 d\u00edas.<\/p>\n","protected":false},"excerpt":{"rendered":"<p>Peso Neto: 57g \/ Peso Escurrido: 30g Origen: Espa\u00f1a Ingredientes: Tuber melanosporum, jugo de Tuber melanosporum y sal. Informaci\u00f3n Nutricional (100g): -Valor energ\u00e9tico: 466kJ\/111kcal -Grasas totales (3,5g) de las cuales \u00e1c. grasos saturados (0,6g) -Hidratos de carbono (13,6g) de los cuales az\u00facares (&lt;0,5g) -Prote\u00ednas (6,2g) -Sal (NaCl) (0,44g) *Una vez abierto el envase mantener refrigerado &#8230; <a title=\"Carpaccio de trufa\" class=\"read-more\" href=\"https:\/\/trufalia.es\/fr\/producto\/carpaccio-trufa\/\" aria-label=\"En savoir plus sur Carpaccio de trufa\">Lire la suite<\/a><\/p>\n","protected":false},"featured_media":2356,"template":"","meta":[],"product_cat":[109],"product_tag":[],"yoast_head":"<!-- This site is optimized with the Yoast SEO plugin v21.9.1 - https:\/\/yoast.com\/wordpress\/plugins\/seo\/ -->\n<title>Carpaccio de trufa - Trufalia<\/title>\n<meta name=\"robots\" content=\"noindex, nofollow\" \/>\n<meta property=\"og:locale\" content=\"fr_FR\" \/>\n<meta property=\"og:type\" content=\"article\" \/>\n<meta property=\"og:title\" content=\"Carpaccio de trufa - Trufalia\" \/>\n<meta property=\"og:description\" content=\"Peso Neto: 57g \/ Peso Escurrido: 30g Origen: Espa\u00f1a Ingredientes: Tuber melanosporum, jugo de Tuber melanosporum y sal. Informaci\u00f3n Nutricional (100g): -Valor energ\u00e9tico: 466kJ\/111kcal -Grasas totales (3,5g) de las cuales \u00e1c. grasos saturados (0,6g) -Hidratos de carbono (13,6g) de los cuales az\u00facares (&lt;0,5g) -Prote\u00ednas (6,2g) -Sal (NaCl) (0,44g) *Una vez abierto el envase mantener refrigerado ... Lire la suite\" \/>\n<meta property=\"og:url\" content=\"https:\/\/trufalia.es\/producto\/carpaccio-trufa\/\" \/>\n<meta property=\"og:site_name\" content=\"Trufalia\" \/>\n<meta property=\"article:modified_time\" content=\"2026-03-31T16:46:04+00:00\" \/>\n<meta property=\"og:image\" content=\"https:\/\/trufalia.es\/wp-content\/uploads\/2023\/01\/carpaccio-de-trufa.jpg\" \/>\n\t<meta property=\"og:image:width\" content=\"2248\" \/>\n\t<meta property=\"og:image:height\" content=\"1516\" \/>\n\t<meta property=\"og:image:type\" content=\"image\/jpeg\" \/>\n<meta name=\"twitter:card\" content=\"summary_large_image\" \/>\n<meta name=\"twitter:label1\" content=\"Dur\u00e9e de lecture estim\u00e9e\" \/>\n\t<meta name=\"twitter:data1\" content=\"1 minute\" \/>\n<script type=\"application\/ld+json\" class=\"yoast-schema-graph\">{\"@context\":\"https:\/\/schema.org\",\"@graph\":[{\"@type\":\"WebPage\",\"@id\":\"https:\/\/trufalia.es\/producto\/carpaccio-trufa\/\",\"url\":\"https:\/\/trufalia.es\/producto\/carpaccio-trufa\/\",\"name\":\"Carpaccio de trufa - Trufalia\",\"isPartOf\":{\"@id\":\"https:\/\/trufalia.es\/#website\"},\"datePublished\":\"2023-01-20T17:10:02+00:00\",\"dateModified\":\"2026-03-31T16:46:04+00:00\",\"breadcrumb\":{\"@id\":\"https:\/\/trufalia.es\/producto\/carpaccio-trufa\/#breadcrumb\"},\"inLanguage\":\"fr-FR\",\"potentialAction\":[{\"@type\":\"ReadAction\",\"target\":[\"https:\/\/trufalia.es\/producto\/carpaccio-trufa\/\"]}]},{\"@type\":\"BreadcrumbList\",\"@id\":\"https:\/\/trufalia.es\/producto\/carpaccio-trufa\/#breadcrumb\",\"itemListElement\":[{\"@type\":\"ListItem\",\"position\":1,\"name\":\"Portada\",\"item\":\"https:\/\/trufalia.es\/fr\/\"},{\"@type\":\"ListItem\",\"position\":2,\"name\":\"Tienda\",\"item\":\"https:\/\/trufalia.es\/tienda\/\"},{\"@type\":\"ListItem\",\"position\":3,\"name\":\"Carpaccio de trufa\"}]},{\"@type\":\"WebSite\",\"@id\":\"https:\/\/trufalia.es\/#website\",\"url\":\"https:\/\/trufalia.es\/\",\"name\":\"Trufalia\",\"description\":\"Trufa negra fresca\",\"potentialAction\":[{\"@type\":\"SearchAction\",\"target\":{\"@type\":\"EntryPoint\",\"urlTemplate\":\"https:\/\/trufalia.es\/?s={search_term_string}\"},\"query-input\":\"required name=search_term_string\"}],\"inLanguage\":\"fr-FR\"}]}<\/script>\n<!-- \/ Yoast SEO plugin. -->","yoast_head_json":{"title":"Carpaccio de trufa - Trufalia","robots":{"index":"noindex","follow":"nofollow"},"og_locale":"fr_FR","og_type":"article","og_title":"Carpaccio de trufa - Trufalia","og_description":"Peso Neto: 57g \/ Peso Escurrido: 30g Origen: Espa\u00f1a Ingredientes: Tuber melanosporum, jugo de Tuber melanosporum y sal. Informaci\u00f3n Nutricional (100g): -Valor energ\u00e9tico: 466kJ\/111kcal -Grasas totales (3,5g) de las cuales \u00e1c. grasos saturados (0,6g) -Hidratos de carbono (13,6g) de los cuales az\u00facares (&lt;0,5g) -Prote\u00ednas (6,2g) -Sal (NaCl) (0,44g) *Una vez abierto el envase mantener refrigerado ... Lire la suite","og_url":"https:\/\/trufalia.es\/producto\/carpaccio-trufa\/","og_site_name":"Trufalia","article_modified_time":"2026-03-31T16:46:04+00:00","og_image":[{"width":2248,"height":1516,"url":"https:\/\/trufalia.es\/wp-content\/uploads\/2023\/01\/carpaccio-de-trufa.jpg","type":"image\/jpeg"}],"twitter_card":"summary_large_image","twitter_misc":{"Dur\u00e9e de lecture estim\u00e9e":"1 minute"},"schema":{"@context":"https:\/\/schema.org","@graph":[{"@type":"WebPage","@id":"https:\/\/trufalia.es\/producto\/carpaccio-trufa\/","url":"https:\/\/trufalia.es\/producto\/carpaccio-trufa\/","name":"Carpaccio de trufa - Trufalia","isPartOf":{"@id":"https:\/\/trufalia.es\/#website"},"datePublished":"2023-01-20T17:10:02+00:00","dateModified":"2026-03-31T16:46:04+00:00","breadcrumb":{"@id":"https:\/\/trufalia.es\/producto\/carpaccio-trufa\/#breadcrumb"},"inLanguage":"fr-FR","potentialAction":[{"@type":"ReadAction","target":["https:\/\/trufalia.es\/producto\/carpaccio-trufa\/"]}]},{"@type":"BreadcrumbList","@id":"https:\/\/trufalia.es\/producto\/carpaccio-trufa\/#breadcrumb","itemListElement":[{"@type":"ListItem","position":1,"name":"Portada","item":"https:\/\/trufalia.es\/fr\/"},{"@type":"ListItem","position":2,"name":"Tienda","item":"https:\/\/trufalia.es\/tienda\/"},{"@type":"ListItem","position":3,"name":"Carpaccio de trufa"}]},{"@type":"WebSite","@id":"https:\/\/trufalia.es\/#website","url":"https:\/\/trufalia.es\/","name":"Trufalia","description":"Trufa negra fresca","potentialAction":[{"@type":"SearchAction","target":{"@type":"EntryPoint","urlTemplate":"https:\/\/trufalia.es\/?s={search_term_string}"},"query-input":"required name=search_term_string"}],"inLanguage":"fr-FR"}]}},"_links":{"self":[{"href":"https:\/\/trufalia.es\/fr\/wp-json\/wp\/v2\/product\/2430"}],"collection":[{"href":"https:\/\/trufalia.es\/fr\/wp-json\/wp\/v2\/product"}],"about":[{"href":"https:\/\/trufalia.es\/fr\/wp-json\/wp\/v2\/types\/product"}],"wp:featuredmedia":[{"embeddable":true,"href":"https:\/\/trufalia.es\/fr\/wp-json\/wp\/v2\/media\/2356"}],"wp:attachment":[{"href":"https:\/\/trufalia.es\/fr\/wp-json\/wp\/v2\/media?parent=2430"}],"wp:term":[{"taxonomy":"product_cat","embeddable":true,"href":"https:\/\/trufalia.es\/fr\/wp-json\/wp\/v2\/product_cat?post=2430"},{"taxonomy":"product_tag","embeddable":true,"href":"https:\/\/trufalia.es\/fr\/wp-json\/wp\/v2\/product_tag?post=2430"}],"curies":[{"name":"wp","href":"https:\/\/api.w.org\/{rel}","templated":true}]}}